{"id":478,"date":"2024-09-23T10:41:07","date_gmt":"2024-09-23T08:41:07","guid":{"rendered":"https:\/\/docs.fast.grollmus.de\/?page_id=478"},"modified":"2024-12-09T11:27:50","modified_gmt":"2024-12-09T10:27:50","slug":"hinweise-zur-installation","status":"publish","type":"page","link":"https:\/\/docs.fast.grollmus.de\/en\/dokumentation\/hinweise-zur-installation\/","title":{"rendered":"Instructions before installation"},"content":{"rendered":"<div data-elementor-type=\"wp-page\" data-elementor-id=\"478\" class=\"elementor elementor-478\">\n\t\t\t\t<div class=\"elementor-element elementor-element-1d5ce13 e-flex e-con-boxed e-con e-parent\" data-id=\"1d5ce13\" data-element_type=\"container\">\n\t\t\t\t\t<div class=\"e-con-inner\">\n\t\t\t\t<div class=\"elementor-element elementor-element-41cff15 elementor-widget elementor-widget-heading\" data-id=\"41cff15\" data-element_type=\"widget\" data-widget_type=\"heading.default\">\n\t\t\t\t<div class=\"elementor-widget-container\">\n\t\t\t<h2 class=\"elementor-heading-title elementor-size-default\">introduction<\/h2>\t\t<\/div>\n\t\t\t\t<\/div>\n\t\t\t\t\t<\/div>\n\t\t\t\t<\/div>\n\t\t<div class=\"elementor-element elementor-element-a13f39d e-flex e-con-boxed e-con e-parent\" data-id=\"a13f39d\" data-element_type=\"container\">\n\t\t\t\t\t<div class=\"e-con-inner\">\n\t\t\t\t<div class=\"elementor-element elementor-element-7425ce1 elementor-widget elementor-widget-text-editor\" data-id=\"7425ce1\" data-element_type=\"widget\" data-widget_type=\"text-editor.default\">\n\t\t\t\t<div class=\"elementor-widget-container\">\n\t\t\t\t\t\t\t<p>The software packages are installed automatically using a setup program. The setup program starts after inserting the installation disk into the appropriate drive or after running the downloaded *.exe file. The installation must be carried out locally on the computer; installation on a network drive is not supported.<\/p>\t\t\t\t\t\t<\/div>\n\t\t\t\t<\/div>\n\t\t\t\t\t<\/div>\n\t\t\t\t<\/div>\n\t\t<div class=\"elementor-element elementor-element-a3c2dfd e-flex e-con-boxed e-con e-parent\" data-id=\"a3c2dfd\" data-element_type=\"container\">\n\t\t\t\t\t<div class=\"e-con-inner\">\n\t\t\t\t<div class=\"elementor-element elementor-element-d9f0208 elementor-widget elementor-widget-heading\" data-id=\"d9f0208\" data-element_type=\"widget\" data-widget_type=\"heading.default\">\n\t\t\t\t<div class=\"elementor-widget-container\">\n\t\t\t<h2 class=\"elementor-heading-title elementor-size-default\">Requirement<\/h2>\t\t<\/div>\n\t\t\t\t<\/div>\n\t\t\t\t\t<\/div>\n\t\t\t\t<\/div>\n\t\t<div class=\"elementor-element elementor-element-bfeb843 e-flex e-con-boxed e-con e-parent\" data-id=\"bfeb843\" data-element_type=\"container\">\n\t\t\t\t\t<div class=\"e-con-inner\">\n\t\t\t\t<div class=\"elementor-element elementor-element-c38d12f elementor-widget elementor-widget-text-editor\" data-id=\"c38d12f\" data-element_type=\"widget\" data-widget_type=\"text-editor.default\">\n\t\t\t\t<div class=\"elementor-widget-container\">\n\t\t\t\t\t\t\t<ul><li>Hardware and software of the PG\/PC comply with <span style=\"text-decoration: underline;\"><a href=\"https:\/\/docs.fast.grollmus.de\/en\/dokumentation\/systemvoraussetzungen\/\">System requirements:<\/a><\/span>.<\/li><li>You have administrative rights on your computer.<\/li><li>All running programs are terminated.<\/li><li>The logged in user has been added to the user group \u201cSiemens TIA Openness\u201d. <a href=\"https:\/\/docs.fast.grollmus.de\/en\/berechtigung-tia-openness\/\"><span style=\"text-decoration: underline;\">Instructions<\/span><\/a><\/li><li>No version of Factory Automation Studio is installed. In this case, please uninstall the current version first. <a href=\"https:\/\/docs.fast.grollmus.de\/en\/dokumentation\/installation\/\"><span style=\"text-decoration: underline;\">Instructions<\/span><\/a><\/li><\/ul>\t\t\t\t\t\t<\/div>\n\t\t\t\t<\/div>\n\t\t\t\t\t<\/div>\n\t\t\t\t<\/div>\n\t\t\t\t<\/div>","protected":false},"excerpt":{"rendered":"<p>Einf\u00fchrung Die Installation der Softwarepakete wird durch ein Setup-Programm automatisch durchf\u00fchrt. Das Setup-Programm startet nach dem Einlegen des Installationsdatentr\u00e4gers in das entsprechende Laufwerk, oder nach ausf\u00fchren der heruntergeladenen *.exe Datei. Die Installation mu\u00df lokal auf dem Rechner erfolgen, eine Installation auf einem Netzlaufwerk wird nicht unterst\u00fctzt. Voraussetzung Hardware und Software des PG\/PC entsprechen den Systemanforderungen.&hellip; <a class=\"more-link\" href=\"https:\/\/docs.fast.grollmus.de\/en\/dokumentation\/hinweise-zur-installation\/\">Continue reading <span class=\"screen-reader-text\">Instructions before installation<\/span><\/a><\/p>","protected":false},"author":1,"featured_media":0,"parent":5,"menu_order":0,"comment_status":"closed","ping_status":"closed","template":"","meta":{"footnotes":""},"class_list":["post-478","page","type-page","status-publish","hentry","entry"],"_links":{"self":[{"href":"https:\/\/docs.fast.grollmus.de\/en\/wp-json\/wp\/v2\/pages\/478","targetHints":{"allow":["GET"]}}],"collection":[{"href":"https:\/\/docs.fast.grollmus.de\/en\/wp-json\/wp\/v2\/pages"}],"about":[{"href":"https:\/\/docs.fast.grollmus.de\/en\/wp-json\/wp\/v2\/types\/page"}],"author":[{"embeddable":true,"href":"https:\/\/docs.fast.grollmus.de\/en\/wp-json\/wp\/v2\/users\/1"}],"replies":[{"embeddable":true,"href":"https:\/\/docs.fast.grollmus.de\/en\/wp-json\/wp\/v2\/comments?post=478"}],"version-history":[{"count":31,"href":"https:\/\/docs.fast.grollmus.de\/en\/wp-json\/wp\/v2\/pages\/478\/revisions"}],"predecessor-version":[{"id":1772,"href":"https:\/\/docs.fast.grollmus.de\/en\/wp-json\/wp\/v2\/pages\/478\/revisions\/1772"}],"up":[{"embeddable":true,"href":"https:\/\/docs.fast.grollmus.de\/en\/wp-json\/wp\/v2\/pages\/5"}],"wp:attachment":[{"href":"https:\/\/docs.fast.grollmus.de\/en\/wp-json\/wp\/v2\/media?parent=478"}],"curies":[{"name":"wp","href":"https:\/\/api.w.org\/{rel}","templated":true}]}}