{"id":22,"date":"2021-04-21T13:57:44","date_gmt":"2021-04-21T11:57:44","guid":{"rendered":"http:\/\/localhost\/?page_id=22"},"modified":"2024-09-27T09:57:37","modified_gmt":"2024-09-27T07:57:37","slug":"rechtliche-hinweise","status":"publish","type":"page","link":"https:\/\/docs.fast.grollmus.de\/en\/dokumentation\/rechtliche-hinweise\/","title":{"rendered":"Legal Notice"},"content":{"rendered":"<div data-elementor-type=\"wp-page\" data-elementor-id=\"22\" class=\"elementor elementor-22\">\n\t\t\t\t\t\t<section class=\"elementor-section elementor-top-section elementor-element elementor-element-d455bad elementor-section-boxed elementor-section-height-default elementor-section-height-default\" data-id=\"d455bad\" data-element_type=\"section\">\n\t\t\t\t\t\t<div class=\"elementor-container elementor-column-gap-default\">\n\t\t\t\t\t<div class=\"elementor-column elementor-col-100 elementor-top-column elementor-element elementor-element-15e3d45\" data-id=\"15e3d45\" data-element_type=\"column\">\n\t\t\t<div class=\"elementor-widget-wrap elementor-element-populated\">\n\t\t\t\t\t\t<div class=\"elementor-element elementor-element-78ceba3 elementor-widget elementor-widget-text-editor\" data-id=\"78ceba3\" data-element_type=\"widget\" data-widget_type=\"text-editor.default\">\n\t\t\t\t<div class=\"elementor-widget-container\">\n\t\t\t\t\t\t\t<div tabindex=\"0\" data-main-rotation=\"0\"><strong>Warning notice concept<\/strong><\/div><div class=\"textLayer\" tabindex=\"0\" data-main-rotation=\"0\"><span dir=\"ltr\" role=\"presentation\">This documentation contains information for your personal safety and to avoid<\/span><br role=\"presentation\" \/><span dir=\"ltr\" role=\"presentation\">Property damage must be taken into account. The information about your personal safety is indicated by a warning triangle<\/span><br role=\"presentation\" \/><span dir=\"ltr\" role=\"presentation\">highlighted, information about property damage alone is provided without a warning triangle. Depending on the risk level<\/span><br role=\"presentation\" \/><span dir=\"ltr\" role=\"presentation\">The warnings are presented in descending order as follows.<\/span><\/div><div class=\"textLayer\" tabindex=\"0\" data-main-rotation=\"0\"><br role=\"presentation\" \/><span dir=\"ltr\" role=\"presentation\"><img decoding=\"async\" class=\"wp-image-516 alignnone\" src=\"https:\/\/docs.fast.grollmus.de\/wp-content\/uploads\/2024\/09\/warnschild_vorsicht-300x300.png\" alt=\"\" width=\"55\" height=\"55\" srcset=\"https:\/\/docs.fast.grollmus.de\/wp-content\/uploads\/2024\/09\/warnschild_vorsicht-300x300.png 300w, https:\/\/docs.fast.grollmus.de\/wp-content\/uploads\/2024\/09\/warnschild_vorsicht-150x150.png 150w, https:\/\/docs.fast.grollmus.de\/wp-content\/uploads\/2024\/09\/warnschild_vorsicht.png 500w\" sizes=\"(max-width: 55px) 100vw, 55px\" \/>DANGER<\/span><br role=\"presentation\" \/><span dir=\"ltr\" role=\"presentation\">means that death or serious bodily harm will occur<\/span>\u00a0 <span dir=\"ltr\" role=\"presentation\">wird<\/span><span dir=\"ltr\" role=\"presentation\">, if appropriate precautions are <\/span><span dir=\"ltr\" role=\"presentation\">not<\/span> <span dir=\"ltr\" role=\"presentation\">taken<\/span> <span dir=\"ltr\" role=\"presentation\">.<\/span><\/div><div class=\"textLayer\" tabindex=\"0\" data-main-rotation=\"0\"><br role=\"presentation\" \/><span dir=\"ltr\" role=\"presentation\"><img decoding=\"async\" class=\"alignnone wp-image-516\" src=\"https:\/\/docs.fast.grollmus.de\/wp-content\/uploads\/2024\/09\/warnschild_vorsicht-300x300.png\" alt=\"\" width=\"55\" height=\"55\" srcset=\"https:\/\/docs.fast.grollmus.de\/wp-content\/uploads\/2024\/09\/warnschild_vorsicht-300x300.png 300w, https:\/\/docs.fast.grollmus.de\/wp-content\/uploads\/2024\/09\/warnschild_vorsicht-150x150.png 150w, https:\/\/docs.fast.grollmus.de\/wp-content\/uploads\/2024\/09\/warnschild_vorsicht.png 500w\" sizes=\"(max-width: 55px) 100vw, 55px\" \/>WARNING<\/span><br role=\"presentation\" \/><span dir=\"ltr\" role=\"presentation\">means that death or serious bodily harm will occur<\/span> <span dir=\"ltr\" role=\"presentation\">kann<\/span><span dir=\"ltr\" role=\"presentation\">, if appropriate precautions are<\/span><br role=\"presentation\" \/><span dir=\"ltr\" role=\"presentation\">not<\/span> <span dir=\"ltr\" role=\"presentation\">taken<\/span> <span dir=\"ltr\" role=\"presentation\">.<\/span><\/div><div class=\"textLayer\" tabindex=\"0\" data-main-rotation=\"0\"><br role=\"presentation\" \/><span dir=\"ltr\" role=\"presentation\"><img decoding=\"async\" class=\"alignnone wp-image-516\" src=\"https:\/\/docs.fast.grollmus.de\/wp-content\/uploads\/2024\/09\/warnschild_vorsicht-300x300.png\" alt=\"\" width=\"56\" height=\"56\" srcset=\"https:\/\/docs.fast.grollmus.de\/wp-content\/uploads\/2024\/09\/warnschild_vorsicht-300x300.png 300w, https:\/\/docs.fast.grollmus.de\/wp-content\/uploads\/2024\/09\/warnschild_vorsicht-150x150.png 150w, https:\/\/docs.fast.grollmus.de\/wp-content\/uploads\/2024\/09\/warnschild_vorsicht.png 500w\" sizes=\"(max-width: 56px) 100vw, 56px\" \/>CAUTION<\/span><br role=\"presentation\" \/><span dir=\"ltr\" role=\"presentation\">means that minor physical injury can occur if appropriate precautions are not<\/span><br role=\"presentation\" \/><span dir=\"ltr\" role=\"presentation\">taken<\/span> <span dir=\"ltr\" role=\"presentation\">.<\/span><\/div><div class=\"textLayer\" tabindex=\"0\" data-main-rotation=\"0\"><br role=\"presentation\" \/><span dir=\"ltr\" role=\"presentation\">DANGER<\/span><br role=\"presentation\" \/><span dir=\"ltr\" role=\"presentation\">means that minor physical injury can occur if appropriate precautions are not<\/span> <span dir=\"ltr\" role=\"presentation\">taken<\/span><br role=\"presentation\" \/><span dir=\"ltr\" role=\"presentation\">.<\/span><\/div><div class=\"textLayer\" tabindex=\"0\" data-main-rotation=\"0\"><br role=\"presentation\" \/><span dir=\"ltr\" role=\"presentation\">If several risk levels occur, the warning for the highest level is always used.<\/span><br role=\"presentation\" \/><span dir=\"ltr\" role=\"presentation\">If a warning with the warning triangle warns of personal injury, then in the same<\/span><br role=\"presentation\" \/><span dir=\"ltr\" role=\"presentation\">Warning notice must also include a warning about property damage.<\/span><\/div><div class=\"textLayer\" tabindex=\"0\" data-main-rotation=\"0\"><br role=\"presentation\" \/><strong>Qualified staff<\/strong><br role=\"presentation\" \/><span dir=\"ltr\" role=\"presentation\">The product\/system associated with this documentation may only be used by the respective task<\/span><br role=\"presentation\" \/><span dir=\"ltr\" role=\"presentation\">qualified<\/span> <span dir=\"ltr\" role=\"presentation\">staff<\/span> <span dir=\"ltr\" role=\"presentation\">are handled taking into account the relevant requirements for the respective task<\/span><br role=\"presentation\" \/><span dir=\"ltr\" role=\"presentation\">Documentation, especially the safety and warning information contained therein.<\/span> <span dir=\"ltr\" role=\"presentation\">Qualified staff<\/span> <span dir=\"ltr\" role=\"presentation\">Staff is up <\/span><span dir=\"ltr\" role=\"presentation\">Due to his training and experience, he is able to recognize risks when dealing with these products\/systems. <\/span><span dir=\"ltr\" role=\"presentation\">and to avoid possible hazards.<\/span><\/div><div class=\"textLayer\" tabindex=\"0\" data-main-rotation=\"0\"><br role=\"presentation\" \/><strong><span dir=\"ltr\" role=\"presentation\">Intended use of Grollmus products<\/span><\/strong><br role=\"presentation\" \/><span dir=\"ltr\" role=\"presentation\">Note the following:<\/span><br role=\"presentation\" \/><span dir=\"ltr\" role=\"presentation\"><img decoding=\"async\" class=\"alignnone wp-image-516\" src=\"https:\/\/docs.fast.grollmus.de\/wp-content\/uploads\/2024\/09\/warnschild_vorsicht-300x300.png\" alt=\"\" width=\"55\" height=\"55\" srcset=\"https:\/\/docs.fast.grollmus.de\/wp-content\/uploads\/2024\/09\/warnschild_vorsicht-300x300.png 300w, https:\/\/docs.fast.grollmus.de\/wp-content\/uploads\/2024\/09\/warnschild_vorsicht-150x150.png 150w, https:\/\/docs.fast.grollmus.de\/wp-content\/uploads\/2024\/09\/warnschild_vorsicht.png 500w\" sizes=\"(max-width: 55px) 100vw, 55px\" \/>WARNING<\/span><br role=\"presentation\" \/><span dir=\"ltr\" role=\"presentation\">Grollmus products may only be used for those specified in the catalog and in the associated technical documentation <\/span><span dir=\"ltr\" role=\"presentation\">Applications are used. If third-party products and components are used, they must be from Grollmus<\/span><span dir=\"ltr\" role=\"presentation\"> recommended or approved. The correct and safe operation of the products requires proper <\/span><span dir=\"ltr\" role=\"presentation\">Transport, proper storage, setup, assembly, installation, commissioning, operation and <\/span><span dir=\"ltr\" role=\"presentation\">Maintenance ahead. The permissible environmental conditions must be adhered to. Notes in the<\/span><br role=\"presentation\" \/><span dir=\"ltr\" role=\"presentation\">associated documentation must be observed.<\/span><\/div><div class=\"textLayer\" tabindex=\"0\" data-main-rotation=\"0\"><br role=\"presentation\" \/><strong><span dir=\"ltr\" role=\"presentation\">Brands<\/span><\/strong><br role=\"presentation\" \/><span dir=\"ltr\" role=\"presentation\">All names marked with the trademark \u00ae are registered trademarks of Grollmus GmbH. <\/span><span dir=\"ltr\" role=\"presentation\">The remaining designations in this document may be trademarks, which may be used by third parties for their own purposes <\/span><span dir=\"ltr\" role=\"presentation\">may violate the rights of the owners.<\/span><\/div><div class=\"textLayer\" tabindex=\"0\" data-main-rotation=\"0\"><br role=\"presentation\" \/><strong><span dir=\"ltr\" role=\"presentation\">Disclaimer<\/span><\/strong><br role=\"presentation\" \/><span dir=\"ltr\" role=\"presentation\">We have checked the content of the publication for compliance with the hardware and software described. <\/span><span dir=\"ltr\" role=\"presentation\">Nevertheless, deviations cannot be ruled out, so we ensure complete agreement <\/span><span dir=\"ltr\" role=\"presentation\">assume no liability. The information in this publication is checked regularly, if necessary <\/span><span dir=\"ltr\" role=\"presentation\">Corrections are in the following<\/span> <span dir=\"ltr\" role=\"presentation\">editions<\/span> <span dir=\"ltr\" role=\"presentation\">included.<\/span><\/div>\t\t\t\t\t\t<\/div>\n\t\t\t\t<\/div>\n\t\t\t\t\t<\/div>\n\t\t<\/div>\n\t\t\t\t\t<\/div>\n\t\t<\/section>\n\t\t\t\t<\/div>","protected":false},"excerpt":{"rendered":"<p>WarnhinweiskonzeptDiese Dokumentation enth\u00e4lt Hinweise, die Sie zu Ihrer pers\u00f6nlichen Sicherheit sowie zur Vermeidung vonSachsch\u00e4den beachten m\u00fcssen. Die Hinweise zu Ihrer pers\u00f6nlichen Sicherheit sind durch ein Warndreieckhervorgehoben, Hinweise zu alleinigen Sachsch\u00e4den stehen ohne Warndreieck. Je nach Gef\u00e4hrdungsstufe werdendie Warnhinweise in abnehmender Reihenfolge wie folgt dargestellt.GEFAHRbedeutet, dass Tod oder schwere K\u00f6rperverletzung eintreten\u00a0 wird, wenn die entsprechenden Vorsichtsma\u00dfnahmen&hellip; <a class=\"more-link\" href=\"https:\/\/docs.fast.grollmus.de\/en\/dokumentation\/rechtliche-hinweise\/\">Continue reading <span class=\"screen-reader-text\">Legal Notice<\/span><\/a><\/p>","protected":false},"author":1,"featured_media":0,"parent":5,"menu_order":0,"comment_status":"closed","ping_status":"closed","template":"","meta":{"footnotes":""},"class_list":["post-22","page","type-page","status-publish","hentry","entry"],"_links":{"self":[{"href":"https:\/\/docs.fast.grollmus.de\/en\/wp-json\/wp\/v2\/pages\/22","targetHints":{"allow":["GET"]}}],"collection":[{"href":"https:\/\/docs.fast.grollmus.de\/en\/wp-json\/wp\/v2\/pages"}],"about":[{"href":"https:\/\/docs.fast.grollmus.de\/en\/wp-json\/wp\/v2\/types\/page"}],"author":[{"embeddable":true,"href":"https:\/\/docs.fast.grollmus.de\/en\/wp-json\/wp\/v2\/users\/1"}],"replies":[{"embeddable":true,"href":"https:\/\/docs.fast.grollmus.de\/en\/wp-json\/wp\/v2\/comments?post=22"}],"version-history":[{"count":14,"href":"https:\/\/docs.fast.grollmus.de\/en\/wp-json\/wp\/v2\/pages\/22\/revisions"}],"predecessor-version":[{"id":819,"href":"https:\/\/docs.fast.grollmus.de\/en\/wp-json\/wp\/v2\/pages\/22\/revisions\/819"}],"up":[{"embeddable":true,"href":"https:\/\/docs.fast.grollmus.de\/en\/wp-json\/wp\/v2\/pages\/5"}],"wp:attachment":[{"href":"https:\/\/docs.fast.grollmus.de\/en\/wp-json\/wp\/v2\/media?parent=22"}],"curies":[{"name":"wp","href":"https:\/\/api.w.org\/{rel}","templated":true}]}}