{"id":14,"date":"2021-04-21T13:56:48","date_gmt":"2021-04-21T11:56:48","guid":{"rendered":"http:\/\/localhost\/?page_id=14"},"modified":"2024-12-10T12:20:19","modified_gmt":"2024-12-10T11:20:19","slug":"lizenzierung","status":"publish","type":"page","link":"https:\/\/docs.fast.grollmus.de\/en\/dokumentation\/lizenzierung\/","title":{"rendered":"Licensing"},"content":{"rendered":"<div data-elementor-type=\"wp-page\" data-elementor-id=\"14\" class=\"elementor elementor-14\">\n\t\t\t\t\t\t<section class=\"elementor-section elementor-top-section elementor-element elementor-element-2d2c93f elementor-section-boxed elementor-section-height-default elementor-section-height-default\" data-id=\"2d2c93f\" data-element_type=\"section\">\n\t\t\t\t\t\t<div class=\"elementor-container elementor-column-gap-default\">\n\t\t\t\t\t<div class=\"elementor-column elementor-col-100 elementor-top-column elementor-element elementor-element-fb10e6a\" data-id=\"fb10e6a\" data-element_type=\"column\">\n\t\t\t<div class=\"elementor-widget-wrap elementor-element-populated\">\n\t\t\t\t\t\t<div class=\"elementor-element elementor-element-0aa6b45 elementor-widget__width-initial elementor-widget elementor-widget-heading\" data-id=\"0aa6b45\" data-element_type=\"widget\" data-widget_type=\"heading.default\">\n\t\t\t\t<div class=\"elementor-widget-container\">\n\t\t\t<h2 class=\"elementor-heading-title elementor-size-default\">Trial License<\/h2>\t\t<\/div>\n\t\t\t\t<\/div>\n\t\t\t\t\t<\/div>\n\t\t<\/div>\n\t\t\t\t\t<\/div>\n\t\t<\/section>\n\t\t\t\t<section class=\"elementor-section elementor-top-section elementor-element elementor-element-88b32fe elementor-section-boxed elementor-section-height-default elementor-section-height-default\" data-id=\"88b32fe\" data-element_type=\"section\">\n\t\t\t\t\t\t<div class=\"elementor-container elementor-column-gap-default\">\n\t\t\t\t\t<div class=\"elementor-column elementor-col-100 elementor-top-column elementor-element elementor-element-ca1bac4\" data-id=\"ca1bac4\" data-element_type=\"column\">\n\t\t\t<div class=\"elementor-widget-wrap elementor-element-populated\">\n\t\t\t\t\t\t<div class=\"elementor-element elementor-element-3548157 elementor-widget elementor-widget-text-editor\" data-id=\"3548157\" data-element_type=\"widget\" data-widget_type=\"text-editor.default\">\n\t\t\t\t<div class=\"elementor-widget-container\">\n\t\t\t\t\t\t\t<div class=\"card__description\">\n<p>With a trial license, you can install the corresponding software on a computer and, after the first start, use it for a limited period of time (e.g. 21 days) without restrictions for testing and evaluation purposes, but not for productive use. All liability claims are excluded. If the trial license has expired, the software can only be started again after installing a corresponding single license key for the same version. It is not necessary to reinstall the software.<\/p>\n<\/div>\t\t\t\t\t\t<\/div>\n\t\t\t\t<\/div>\n\t\t\t\t\t<\/div>\n\t\t<\/div>\n\t\t\t\t\t<\/div>\n\t\t<\/section>\n\t\t<div class=\"elementor-element elementor-element-f9dda77 e-con-full e-flex e-con e-parent\" data-id=\"f9dda77\" data-element_type=\"container\">\n\t\t\t\t<div class=\"elementor-element elementor-element-6ace743 elementor-widget elementor-widget-heading\" data-id=\"6ace743\" data-element_type=\"widget\" data-widget_type=\"heading.default\">\n\t\t\t\t<div class=\"elementor-widget-container\">\n\t\t\t<h2 class=\"elementor-heading-title elementor-size-default\">Single License<\/h2>\t\t<\/div>\n\t\t\t\t<\/div>\n\t\t\t\t<\/div>\n\t\t<div class=\"elementor-element elementor-element-aa66bb5 e-flex e-con-boxed e-con e-parent\" data-id=\"aa66bb5\" data-element_type=\"container\">\n\t\t\t\t\t<div class=\"e-con-inner\">\n\t\t\t\t<div class=\"elementor-element elementor-element-1c1bebf elementor-widget elementor-widget-text-editor\" data-id=\"1c1bebf\" data-element_type=\"widget\" data-widget_type=\"text-editor.default\">\n\t\t\t\t<div class=\"elementor-widget-container\">\n\t\t\t\t\t\t\t<p>With the Single License you are entitled to unlimited installation and use of software products on one computer.<br \/>The license is stored locally on the computer with the software and cannot be transferred to other computers.<\/p><p>The Single License is the standard license form for Factory Automation Studio.<br \/>A computer in a fixed configuration permanently performs a specific task with the help of a software module and is licensed for this purpose.<\/p>\t\t\t\t\t\t<\/div>\n\t\t\t\t<\/div>\n\t\t\t\t\t<\/div>\n\t\t\t\t<\/div>\n\t\t<div class=\"elementor-element elementor-element-c124f54 e-con-full e-flex e-con e-parent\" data-id=\"c124f54\" data-element_type=\"container\">\n\t\t\t\t<div class=\"elementor-element elementor-element-60420bc elementor-widget elementor-widget-heading\" data-id=\"60420bc\" data-element_type=\"widget\" data-widget_type=\"heading.default\">\n\t\t\t\t<div class=\"elementor-widget-container\">\n\t\t\t<h2 class=\"elementor-heading-title elementor-size-default\">obtaining the license key<\/h2>\t\t<\/div>\n\t\t\t\t<\/div>\n\t\t\t\t<\/div>\n\t\t<div class=\"elementor-element elementor-element-3a4c154 e-flex e-con-boxed e-con e-parent\" data-id=\"3a4c154\" data-element_type=\"container\">\n\t\t\t\t\t<div class=\"e-con-inner\">\n\t\t\t\t<div class=\"elementor-element elementor-element-ffa2b89 elementor-widget elementor-widget-text-editor\" data-id=\"ffa2b89\" data-element_type=\"widget\" data-widget_type=\"text-editor.default\">\n\t\t\t\t<div class=\"elementor-widget-container\">\n\t\t\t\t\t\t\t<p>Once the order process is complete, the license key you have purchased will be made available to you in a separate email.<\/p>\t\t\t\t\t\t<\/div>\n\t\t\t\t<\/div>\n\t\t\t\t\t<\/div>\n\t\t\t\t<\/div>\n\t\t<div class=\"elementor-element elementor-element-ce559c6 e-con-full e-flex e-con e-parent\" data-id=\"ce559c6\" data-element_type=\"container\">\n\t\t\t\t<div class=\"elementor-element elementor-element-de94b73 elementor-widget elementor-widget-heading\" data-id=\"de94b73\" data-element_type=\"widget\" data-widget_type=\"heading.default\">\n\t\t\t\t<div class=\"elementor-widget-container\">\n\t\t\t<h2 class=\"elementor-heading-title elementor-size-default\">license management<\/h2>\t\t<\/div>\n\t\t\t\t<\/div>\n\t\t\t\t<\/div>\n\t\t<div class=\"elementor-element elementor-element-229c74a e-flex e-con-boxed e-con e-parent\" data-id=\"229c74a\" data-element_type=\"container\">\n\t\t\t\t\t<div class=\"e-con-inner\">\n\t\t\t\t<div class=\"elementor-element elementor-element-e13f20d elementor-widget elementor-widget-text-editor\" data-id=\"e13f20d\" data-element_type=\"widget\" data-widget_type=\"text-editor.default\">\n\t\t\t\t<div class=\"elementor-widget-container\">\n\t\t\t\t\t\t\t<p>To activate the purchased license, enter the key in the corresponding field of the input mask in Factory Automation Studio. You can repeat this process at any time by clicking on the key symbol in the lower right corner of Factory Automation Studio.<\/p><p>\u00a0<\/p>\t\t\t\t\t\t<\/div>\n\t\t\t\t<\/div>\n\t\t\t\t\t<\/div>\n\t\t\t\t<\/div>\n\t\t<div class=\"elementor-element elementor-element-8f8a5d2 e-flex e-con-boxed e-con e-parent\" data-id=\"8f8a5d2\" data-element_type=\"container\">\n\t\t\t\t\t<div class=\"e-con-inner\">\n\t\t\t\t<div class=\"elementor-element elementor-element-ecdc01a elementor-widget elementor-widget-image\" data-id=\"ecdc01a\" data-element_type=\"widget\" data-widget_type=\"image.default\">\n\t\t\t\t<div class=\"elementor-widget-container\">\n\t\t\t\t\t\t\t\t\t\t\t\t\t<img fetchpriority=\"high\" decoding=\"async\" width=\"750\" height=\"402\" src=\"https:\/\/docs.fast.grollmus.de\/wp-content\/uploads\/2024\/11\/Screenshot-2024-11-28-142536-1.png\" class=\"attachment-large size-large wp-image-1512\" alt=\"\" srcset=\"\" sizes=\"(max-width: 750px) 100vw, 750px\" style=\"width:100%;height:53.63%;max-width:1915px\" data-srcset=\"\" \/>\t\t\t\t\t\t\t\t\t\t\t\t\t<\/div>\n\t\t\t\t<\/div>\n\t\t\t\t\t<\/div>\n\t\t\t\t<\/div>\n\t\t<div class=\"elementor-element elementor-element-cce073a e-flex e-con-boxed e-con e-parent\" data-id=\"cce073a\" data-element_type=\"container\">\n\t\t\t\t\t<div class=\"e-con-inner\">\n\t\t\t\t<div class=\"elementor-element elementor-element-0c04176 elementor-widget elementor-widget-text-editor\" data-id=\"0c04176\" data-element_type=\"widget\" data-widget_type=\"text-editor.default\">\n\t\t\t\t<div class=\"elementor-widget-container\">\n\t\t\t\t\t\t\t<p><img decoding=\"async\" class=\"alignnone wp-image-516\" src=\"https:\/\/docs.fast.grollmus.de\/wp-content\/uploads\/2024\/09\/warnschild_vorsicht-300x300.png\" alt=\"\" width=\"54\" height=\"54\" srcset=\"https:\/\/docs.fast.grollmus.de\/wp-content\/uploads\/2024\/09\/warnschild_vorsicht-300x300.png 300w, https:\/\/docs.fast.grollmus.de\/wp-content\/uploads\/2024\/09\/warnschild_vorsicht-150x150.png 150w, https:\/\/docs.fast.grollmus.de\/wp-content\/uploads\/2024\/09\/warnschild_vorsicht.png 500w\" sizes=\"(max-width: 54px) 100vw, 54px\" \/>An internet connection is required for the initial verification and activation of the license key.<\/p><p>Once licensing is completed successfully, Factory Automation Studio starts and you can begin engineering.<\/p>\t\t\t\t\t\t<\/div>\n\t\t\t\t<\/div>\n\t\t\t\t\t<\/div>\n\t\t\t\t<\/div>\n\t\t<div class=\"elementor-element elementor-element-c17dfd8 e-flex e-con-boxed e-con e-parent\" data-id=\"c17dfd8\" data-element_type=\"container\">\n\t\t\t\t\t<div class=\"e-con-inner\">\n\t\t\t\t<div class=\"elementor-element elementor-element-dfbb6f4 elementor-widget elementor-widget-image\" data-id=\"dfbb6f4\" data-element_type=\"widget\" data-widget_type=\"image.default\">\n\t\t\t\t<div class=\"elementor-widget-container\">\n\t\t\t\t\t\t\t\t\t\t\t\t\t<img decoding=\"async\" width=\"750\" height=\"405\" src=\"https:\/\/docs.fast.grollmus.de\/wp-content\/uploads\/2024\/11\/Screenshot-2024-11-28-143012.png\" class=\"attachment-large size-large wp-image-1513\" alt=\"\" srcset=\"\" sizes=\"(max-width: 750px) 100vw, 750px\" style=\"width:100%;height:53.96%;max-width:1918px\" data-srcset=\"\" \/>\t\t\t\t\t\t\t\t\t\t\t\t\t<\/div>\n\t\t\t\t<\/div>\n\t\t\t\t\t<\/div>\n\t\t\t\t<\/div>\n\t\t\t\t<\/div>","protected":false},"excerpt":{"rendered":"<p>Trial License Mit einer Trial License k\u00f6nnen Sie die entsprechende Software auf einem Rechner installieren und nach dem ersten Start f\u00fcr einen begrenzten Zeitraum (z. B. 21 Tage) uneingeschr\u00e4nkt f\u00fcr Test und Evaluierungszwecke, nicht jedoch f\u00fcr den produktiven Einsatz nutzen. S\u00e4mtliche Haftungsanspr\u00fcche sind ausgeschlossen. Ist die Trial License abgelaufen, kann die Software erst nach Aufspielen&hellip; <a class=\"more-link\" href=\"https:\/\/docs.fast.grollmus.de\/en\/dokumentation\/lizenzierung\/\">Continue reading <span class=\"screen-reader-text\">Licensing<\/span><\/a><\/p>","protected":false},"author":1,"featured_media":0,"parent":5,"menu_order":0,"comment_status":"closed","ping_status":"closed","template":"","meta":{"footnotes":""},"class_list":["post-14","page","type-page","status-publish","hentry","entry"],"_links":{"self":[{"href":"https:\/\/docs.fast.grollmus.de\/en\/wp-json\/wp\/v2\/pages\/14","targetHints":{"allow":["GET"]}}],"collection":[{"href":"https:\/\/docs.fast.grollmus.de\/en\/wp-json\/wp\/v2\/pages"}],"about":[{"href":"https:\/\/docs.fast.grollmus.de\/en\/wp-json\/wp\/v2\/types\/page"}],"author":[{"embeddable":true,"href":"https:\/\/docs.fast.grollmus.de\/en\/wp-json\/wp\/v2\/users\/1"}],"replies":[{"embeddable":true,"href":"https:\/\/docs.fast.grollmus.de\/en\/wp-json\/wp\/v2\/comments?post=14"}],"version-history":[{"count":83,"href":"https:\/\/docs.fast.grollmus.de\/en\/wp-json\/wp\/v2\/pages\/14\/revisions"}],"predecessor-version":[{"id":1832,"href":"https:\/\/docs.fast.grollmus.de\/en\/wp-json\/wp\/v2\/pages\/14\/revisions\/1832"}],"up":[{"embeddable":true,"href":"https:\/\/docs.fast.grollmus.de\/en\/wp-json\/wp\/v2\/pages\/5"}],"wp:attachment":[{"href":"https:\/\/docs.fast.grollmus.de\/en\/wp-json\/wp\/v2\/media?parent=14"}],"curies":[{"name":"wp","href":"https:\/\/api.w.org\/{rel}","templated":true}]}}