{"id":672,"date":"2024-09-25T11:23:25","date_gmt":"2024-09-25T09:23:25","guid":{"rendered":"https:\/\/docs.fast.grollmus.de\/?page_id=672"},"modified":"2024-12-09T11:38:36","modified_gmt":"2024-12-09T10:38:36","slug":"start-fast","status":"publish","type":"page","link":"https:\/\/docs.fast.grollmus.de\/de\/start-fast\/","title":{"rendered":"Start FAST"},"content":{"rendered":"\t\t<div data-elementor-type=\"wp-page\" data-elementor-id=\"672\" class=\"elementor elementor-672\">\n\t\t\t\t<div class=\"elementor-element elementor-element-967c186 e-flex e-con-boxed e-con e-parent\" data-id=\"967c186\" data-element_type=\"container\">\n\t\t\t\t\t<div class=\"e-con-inner\">\n\t\t\t\t<div class=\"elementor-element elementor-element-8cba8bf elementor-widget elementor-widget-heading\" data-id=\"8cba8bf\" data-element_type=\"widget\" data-widget_type=\"heading.default\">\n\t\t\t\t<div class=\"elementor-widget-container\">\n\t\t\t<h2 class=\"elementor-heading-title elementor-size-default\">Einf\u00fchrung:<\/h2>\t\t<\/div>\n\t\t\t\t<\/div>\n\t\t\t\t\t<\/div>\n\t\t\t\t<\/div>\n\t\t<div class=\"elementor-element elementor-element-44c5795 e-flex e-con-boxed e-con e-parent\" data-id=\"44c5795\" data-element_type=\"container\">\n\t\t\t\t\t<div class=\"e-con-inner\">\n\t\t\t\t<div class=\"elementor-element elementor-element-d8cdc86 elementor-widget elementor-widget-text-editor\" data-id=\"d8cdc86\" data-element_type=\"widget\" data-widget_type=\"text-editor.default\">\n\t\t\t\t<div class=\"elementor-widget-container\">\n\t\t\t\t\t\t\t<ul><li>W\u00e4hrend der Installation wird automatisch eine Verkn\u00fcpfung f\u00fcr den Start des Factory Automation Studios auf dem Desktop angelegt. Alternativ kann jedoch auch der Eintrag im Windows-Startmen\u00fc zum Starten des Programmes verwendet werden.<\/li><li>Es wird zu jeder Instanz des FAST eine TIA Portal Instanz ge\u00f6ffnet. In dieser Instanz wird aus dem FAST heraus das Projekt generiert.<\/li><\/ul><p><img decoding=\"async\" class=\"wp-image-516 alignleft\" src=\"https:\/\/docs.fast.grollmus.de\/wp-content\/uploads\/2024\/09\/warnschild_vorsicht-150x150.png\" alt=\"\" width=\"55\" height=\"55\" srcset=\"https:\/\/docs.fast.grollmus.de\/wp-content\/uploads\/2024\/09\/warnschild_vorsicht-150x150.png 150w, https:\/\/docs.fast.grollmus.de\/wp-content\/uploads\/2024\/09\/warnschild_vorsicht-300x300.png 300w, https:\/\/docs.fast.grollmus.de\/wp-content\/uploads\/2024\/09\/warnschild_vorsicht.png 500w\" sizes=\"(max-width: 55px) 100vw, 55px\" \/><\/p><p>Die automatisch ge\u00f6ffnete TIA Portal Instanz ist mit dem Factory Automation Studio via Openess Schnittstelle verbunden. Diese darf nicht manuell geschlossen werden!<\/p><p><strong>Arbeiten mit mehreren Instanzen von FAST:<\/strong><\/p><ul><li>Ein paralleles Arbeiten mit mehreren Instanzen des FAST ist grunds\u00e4tzlich m\u00f6glich. Hier ist zu beachten, das f\u00fcr jede ge\u00f6ffnete FAST Instanz auch eine zugeh\u00f6rige TIA Portal Instanz ge\u00f6ffnet wird.<\/li><\/ul>\t\t\t\t\t\t<\/div>\n\t\t\t\t<\/div>\n\t\t\t\t\t<\/div>\n\t\t\t\t<\/div>\n\t\t<div class=\"elementor-element elementor-element-ccb53ff e-flex e-con-boxed e-con e-parent\" data-id=\"ccb53ff\" data-element_type=\"container\">\n\t\t\t\t\t<div class=\"e-con-inner\">\n\t\t\t\t<div class=\"elementor-element elementor-element-5a0dd15 elementor-widget elementor-widget-heading\" data-id=\"5a0dd15\" data-element_type=\"widget\" data-widget_type=\"heading.default\">\n\t\t\t\t<div class=\"elementor-widget-container\">\n\t\t\t<h2 class=\"elementor-heading-title elementor-size-default\">Ausf\u00fchren der Software:<\/h2>\t\t<\/div>\n\t\t\t\t<\/div>\n\t\t\t\t\t<\/div>\n\t\t\t\t<\/div>\n\t\t<div class=\"elementor-element elementor-element-0d9bf79 e-flex e-con-boxed e-con e-parent\" data-id=\"0d9bf79\" data-element_type=\"container\">\n\t\t\t\t\t<div class=\"e-con-inner\">\n\t\t\t\t<div class=\"elementor-element elementor-element-1687ab0 elementor-widget elementor-widget-text-editor\" data-id=\"1687ab0\" data-element_type=\"widget\" data-widget_type=\"text-editor.default\">\n\t\t\t\t<div class=\"elementor-widget-container\">\n\t\t\t\t\t\t\t<ul><li>Doppellick auf den Button Factory Automation Studio<\/li><\/ul><p><img fetchpriority=\"high\" decoding=\"async\" class=\"alignnone wp-image-674 size-full\" src=\"https:\/\/docs.fast.grollmus.de\/wp-content\/uploads\/2024\/09\/Screenshot-2024-09-25-111802.png\" alt=\"\" width=\"1918\" height=\"1080\" srcset=\"https:\/\/docs.fast.grollmus.de\/wp-content\/uploads\/2024\/09\/Screenshot-2024-09-25-111802.png 1918w, https:\/\/docs.fast.grollmus.de\/wp-content\/uploads\/2024\/09\/Screenshot-2024-09-25-111802-300x169.png 300w, https:\/\/docs.fast.grollmus.de\/wp-content\/uploads\/2024\/09\/Screenshot-2024-09-25-111802-1024x577.png 1024w, https:\/\/docs.fast.grollmus.de\/wp-content\/uploads\/2024\/09\/Screenshot-2024-09-25-111802-768x432.png 768w, https:\/\/docs.fast.grollmus.de\/wp-content\/uploads\/2024\/09\/Screenshot-2024-09-25-111802-1536x865.png 1536w, https:\/\/docs.fast.grollmus.de\/wp-content\/uploads\/2024\/09\/Screenshot-2024-09-25-111802-1568x883.png 1568w\" sizes=\"(max-width: 1918px) 100vw, 1918px\" \/><\/p><ul><li>Mit dem Start des Factory Automation Studios wird automatisch eine Instanz des TIA Portals ge\u00f6ffnet.<\/li><\/ul><p><img decoding=\"async\" class=\"alignnone wp-image-675 size-full\" src=\"https:\/\/docs.fast.grollmus.de\/wp-content\/uploads\/2024\/09\/Screenshot-2024-09-25-112238.png\" alt=\"\" width=\"1920\" height=\"1080\" srcset=\"https:\/\/docs.fast.grollmus.de\/wp-content\/uploads\/2024\/09\/Screenshot-2024-09-25-112238.png 1920w, https:\/\/docs.fast.grollmus.de\/wp-content\/uploads\/2024\/09\/Screenshot-2024-09-25-112238-300x169.png 300w, https:\/\/docs.fast.grollmus.de\/wp-content\/uploads\/2024\/09\/Screenshot-2024-09-25-112238-1024x576.png 1024w, https:\/\/docs.fast.grollmus.de\/wp-content\/uploads\/2024\/09\/Screenshot-2024-09-25-112238-768x432.png 768w, https:\/\/docs.fast.grollmus.de\/wp-content\/uploads\/2024\/09\/Screenshot-2024-09-25-112238-1536x864.png 1536w, https:\/\/docs.fast.grollmus.de\/wp-content\/uploads\/2024\/09\/Screenshot-2024-09-25-112238-1568x882.png 1568w\" sizes=\"(max-width: 1920px) 100vw, 1920px\" \/><\/p><ul><li>Sind beide Instanzen geladen, ist das Factory Automation Studio bereit f\u00fcr Ihr Engineering.<\/li><\/ul><p><img loading=\"lazy\" decoding=\"async\" class=\"alignnone wp-image-676 size-full\" src=\"https:\/\/docs.fast.grollmus.de\/wp-content\/uploads\/2024\/09\/Screenshot-2024-09-25-112410.png\" alt=\"\" width=\"1920\" height=\"1080\" srcset=\"https:\/\/docs.fast.grollmus.de\/wp-content\/uploads\/2024\/09\/Screenshot-2024-09-25-112410.png 1920w, https:\/\/docs.fast.grollmus.de\/wp-content\/uploads\/2024\/09\/Screenshot-2024-09-25-112410-300x169.png 300w, https:\/\/docs.fast.grollmus.de\/wp-content\/uploads\/2024\/09\/Screenshot-2024-09-25-112410-1024x576.png 1024w, https:\/\/docs.fast.grollmus.de\/wp-content\/uploads\/2024\/09\/Screenshot-2024-09-25-112410-768x432.png 768w, https:\/\/docs.fast.grollmus.de\/wp-content\/uploads\/2024\/09\/Screenshot-2024-09-25-112410-1536x864.png 1536w, https:\/\/docs.fast.grollmus.de\/wp-content\/uploads\/2024\/09\/Screenshot-2024-09-25-112410-1568x882.png 1568w\" sizes=\"(max-width: 1920px) 100vw, 1920px\" \/><\/p>\t\t\t\t\t\t<\/div>\n\t\t\t\t<\/div>\n\t\t\t\t\t<\/div>\n\t\t\t\t<\/div>\n\t\t\t\t<\/div>\n\t\t","protected":false},"excerpt":{"rendered":"<p>Einf\u00fchrung: W\u00e4hrend der Installation wird automatisch eine Verkn\u00fcpfung f\u00fcr den Start des Factory Automation Studios auf dem Desktop angelegt. Alternativ kann jedoch auch der Eintrag im Windows-Startmen\u00fc zum Starten des Programmes verwendet werden. Es wird zu jeder Instanz des FAST eine TIA Portal Instanz ge\u00f6ffnet. In dieser Instanz wird aus dem FAST heraus das Projekt&hellip; <a class=\"more-link\" href=\"https:\/\/docs.fast.grollmus.de\/de\/start-fast\/\"><span class=\"screen-reader-text\">Start FAST<\/span> weiterlesen<\/a><\/p>\n","protected":false},"author":1,"featured_media":0,"parent":0,"menu_order":0,"comment_status":"closed","ping_status":"closed","template":"","meta":{"footnotes":""},"class_list":["post-672","page","type-page","status-publish","hentry","entry"],"_links":{"self":[{"href":"https:\/\/docs.fast.grollmus.de\/de\/wp-json\/wp\/v2\/pages\/672","targetHints":{"allow":["GET"]}}],"collection":[{"href":"https:\/\/docs.fast.grollmus.de\/de\/wp-json\/wp\/v2\/pages"}],"about":[{"href":"https:\/\/docs.fast.grollmus.de\/de\/wp-json\/wp\/v2\/types\/page"}],"author":[{"embeddable":true,"href":"https:\/\/docs.fast.grollmus.de\/de\/wp-json\/wp\/v2\/users\/1"}],"replies":[{"embeddable":true,"href":"https:\/\/docs.fast.grollmus.de\/de\/wp-json\/wp\/v2\/comments?post=672"}],"version-history":[{"count":37,"href":"https:\/\/docs.fast.grollmus.de\/de\/wp-json\/wp\/v2\/pages\/672\/revisions"}],"predecessor-version":[{"id":1784,"href":"https:\/\/docs.fast.grollmus.de\/de\/wp-json\/wp\/v2\/pages\/672\/revisions\/1784"}],"wp:attachment":[{"href":"https:\/\/docs.fast.grollmus.de\/de\/wp-json\/wp\/v2\/media?parent=672"}],"curies":[{"name":"wp","href":"https:\/\/api.w.org\/{rel}","templated":true}]}}