{"id":492,"date":"2024-09-23T11:12:37","date_gmt":"2024-09-23T09:12:37","guid":{"rendered":"https:\/\/docs.fast.grollmus.de\/?page_id=492"},"modified":"2024-12-09T11:40:53","modified_gmt":"2024-12-09T10:40:53","slug":"konfiguration-fast","status":"publish","type":"page","link":"https:\/\/docs.fast.grollmus.de\/de\/konfiguration-fast\/","title":{"rendered":"Konfiguration FAST"},"content":{"rendered":"\t\t<div data-elementor-type=\"wp-page\" data-elementor-id=\"492\" class=\"elementor elementor-492\">\n\t\t\t\t<div class=\"elementor-element elementor-element-aee64b2 e-flex e-con-boxed e-con e-parent\" data-id=\"aee64b2\" data-element_type=\"container\">\n\t\t\t\t\t<div class=\"e-con-inner\">\n\t\t\t\t<div class=\"elementor-element elementor-element-0b37d81 elementor-widget elementor-widget-heading\" data-id=\"0b37d81\" data-element_type=\"widget\" data-widget_type=\"heading.default\">\n\t\t\t\t<div class=\"elementor-widget-container\">\n\t\t\t<h2 class=\"elementor-heading-title elementor-size-default\">Einf\u00fchrung:<\/h2>\t\t<\/div>\n\t\t\t\t<\/div>\n\t\t\t\t\t<\/div>\n\t\t\t\t<\/div>\n\t\t<div class=\"elementor-element elementor-element-169a54d e-flex e-con-boxed e-con e-parent\" data-id=\"169a54d\" data-element_type=\"container\">\n\t\t\t\t\t<div class=\"e-con-inner\">\n\t\t\t\t<div class=\"elementor-element elementor-element-eba123f elementor-widget elementor-widget-text-editor\" data-id=\"eba123f\" data-element_type=\"widget\" data-widget_type=\"text-editor.default\">\n\t\t\t\t<div class=\"elementor-widget-container\">\n\t\t\t\t\t\t\t<p>Um die bearbeitung in der gew\u00fcnschten TIA Portal Version auszuf\u00fchren, mu\u00df diese zu Beginn definiert werden. Es stehen nur die parallel zum FAST lokal installierten TIA Portal Versionen zur Auswahl.\u00a0<\/p><ul><li>Die aktuell eingestellte Version wird immer unten rechts als Icon angezeigt.<\/li><\/ul><p><img decoding=\"async\" class=\"alignnone wp-image-516\" src=\"https:\/\/docs.fast.grollmus.de\/wp-content\/uploads\/2024\/09\/warnschild_vorsicht-300x300.png\" alt=\"\" width=\"55\" height=\"55\" srcset=\"https:\/\/docs.fast.grollmus.de\/wp-content\/uploads\/2024\/09\/warnschild_vorsicht-300x300.png 300w, https:\/\/docs.fast.grollmus.de\/wp-content\/uploads\/2024\/09\/warnschild_vorsicht-150x150.png 150w, https:\/\/docs.fast.grollmus.de\/wp-content\/uploads\/2024\/09\/warnschild_vorsicht.png 500w\" sizes=\"(max-width: 55px) 100vw, 55px\" \/> Bitte achten Sie darauf, <strong>vor<\/strong> der Bearbeitung in den entsprechenden Modulen auf die korrekte TIA Portal Version\u00a0 umzuschalten.<\/p>\t\t\t\t\t\t<\/div>\n\t\t\t\t<\/div>\n\t\t\t\t\t<\/div>\n\t\t\t\t<\/div>\n\t\t<div class=\"elementor-element elementor-element-6c23e34 e-flex e-con-boxed e-con e-parent\" data-id=\"6c23e34\" data-element_type=\"container\">\n\t\t\t\t\t<div class=\"e-con-inner\">\n\t\t\t\t<div class=\"elementor-element elementor-element-30860a8 elementor-widget elementor-widget-heading\" data-id=\"30860a8\" data-element_type=\"widget\" data-widget_type=\"heading.default\">\n\t\t\t\t<div class=\"elementor-widget-container\">\n\t\t\t<h2 class=\"elementor-heading-title elementor-size-default\">Auswahl TIA Portal Version:<\/h2>\t\t<\/div>\n\t\t\t\t<\/div>\n\t\t\t\t\t<\/div>\n\t\t\t\t<\/div>\n\t\t<div class=\"elementor-element elementor-element-067689f e-flex e-con-boxed e-con e-parent\" data-id=\"067689f\" data-element_type=\"container\">\n\t\t\t\t\t<div class=\"e-con-inner\">\n\t\t\t\t<div class=\"elementor-element elementor-element-6185bec elementor-widget elementor-widget-text-editor\" data-id=\"6185bec\" data-element_type=\"widget\" data-widget_type=\"text-editor.default\">\n\t\t\t\t<div class=\"elementor-widget-container\">\n\t\t\t\t\t\t\t<ul><li>Klicken Sie auf das TIA Portal Versions-Icon in der unteren rechten Ecke.<\/li><\/ul><p><img fetchpriority=\"high\" decoding=\"async\" class=\"alignnone wp-image-719 size-full\" src=\"https:\/\/docs.fast.grollmus.de\/wp-content\/uploads\/2024\/09\/Screenshot-2024-09-24-122426.png\" alt=\"\" width=\"1917\" height=\"1080\" srcset=\"https:\/\/docs.fast.grollmus.de\/wp-content\/uploads\/2024\/09\/Screenshot-2024-09-24-122426.png 1917w, https:\/\/docs.fast.grollmus.de\/wp-content\/uploads\/2024\/09\/Screenshot-2024-09-24-122426-300x169.png 300w, https:\/\/docs.fast.grollmus.de\/wp-content\/uploads\/2024\/09\/Screenshot-2024-09-24-122426-1024x577.png 1024w, https:\/\/docs.fast.grollmus.de\/wp-content\/uploads\/2024\/09\/Screenshot-2024-09-24-122426-768x433.png 768w, https:\/\/docs.fast.grollmus.de\/wp-content\/uploads\/2024\/09\/Screenshot-2024-09-24-122426-1536x865.png 1536w, https:\/\/docs.fast.grollmus.de\/wp-content\/uploads\/2024\/09\/Screenshot-2024-09-24-122426-1568x883.png 1568w\" sizes=\"(max-width: 1917px) 100vw, 1917px\" \/><\/p><ul><li>W\u00e4hlen Sie die entsprechende TIA Portal Version aus mit der Sie arbeiten m\u00f6chten.<\/li><\/ul><p><img decoding=\"async\" class=\"size-full wp-image-721 aligncenter\" src=\"https:\/\/docs.fast.grollmus.de\/wp-content\/uploads\/2024\/09\/Screenshot-2024-09-25-115726.png\" alt=\"\" width=\"170\" height=\"131\" \/><\/p><ul><li>Das FAST wechselt automatisch zur gew\u00e4hlten TIA Portal Instanz.<\/li><\/ul><p><img loading=\"lazy\" decoding=\"async\" class=\"alignnone wp-image-722 size-full\" src=\"https:\/\/docs.fast.grollmus.de\/wp-content\/uploads\/2024\/09\/Screenshot-2024-09-25-120044.png\" alt=\"\" width=\"1920\" height=\"1080\" srcset=\"https:\/\/docs.fast.grollmus.de\/wp-content\/uploads\/2024\/09\/Screenshot-2024-09-25-120044.png 1920w, https:\/\/docs.fast.grollmus.de\/wp-content\/uploads\/2024\/09\/Screenshot-2024-09-25-120044-300x169.png 300w, https:\/\/docs.fast.grollmus.de\/wp-content\/uploads\/2024\/09\/Screenshot-2024-09-25-120044-1024x576.png 1024w, https:\/\/docs.fast.grollmus.de\/wp-content\/uploads\/2024\/09\/Screenshot-2024-09-25-120044-768x432.png 768w, https:\/\/docs.fast.grollmus.de\/wp-content\/uploads\/2024\/09\/Screenshot-2024-09-25-120044-1536x864.png 1536w, https:\/\/docs.fast.grollmus.de\/wp-content\/uploads\/2024\/09\/Screenshot-2024-09-25-120044-1568x882.png 1568w\" sizes=\"(max-width: 1920px) 100vw, 1920px\" \/><\/p><ul><li>Die aktuell verwendete Version wird immer unten rechts als Icon angezeigt. Das FAST ist bereit f\u00fcr Ihr Engineering.<\/li><\/ul><p><img loading=\"lazy\" decoding=\"async\" class=\"alignnone wp-image-723 size-full\" src=\"https:\/\/docs.fast.grollmus.de\/wp-content\/uploads\/2024\/09\/Screenshot-2024-09-25-120354.png\" alt=\"\" width=\"1906\" height=\"1036\" srcset=\"https:\/\/docs.fast.grollmus.de\/wp-content\/uploads\/2024\/09\/Screenshot-2024-09-25-120354.png 1906w, https:\/\/docs.fast.grollmus.de\/wp-content\/uploads\/2024\/09\/Screenshot-2024-09-25-120354-300x163.png 300w, https:\/\/docs.fast.grollmus.de\/wp-content\/uploads\/2024\/09\/Screenshot-2024-09-25-120354-1024x557.png 1024w, https:\/\/docs.fast.grollmus.de\/wp-content\/uploads\/2024\/09\/Screenshot-2024-09-25-120354-768x417.png 768w, https:\/\/docs.fast.grollmus.de\/wp-content\/uploads\/2024\/09\/Screenshot-2024-09-25-120354-1536x835.png 1536w, https:\/\/docs.fast.grollmus.de\/wp-content\/uploads\/2024\/09\/Screenshot-2024-09-25-120354-1568x852.png 1568w\" sizes=\"(max-width: 1906px) 100vw, 1906px\" \/><\/p>\t\t\t\t\t\t<\/div>\n\t\t\t\t<\/div>\n\t\t\t\t\t<\/div>\n\t\t\t\t<\/div>\n\t\t<div class=\"elementor-element elementor-element-c159042 e-flex e-con-boxed e-con e-parent\" data-id=\"c159042\" data-element_type=\"container\">\n\t\t\t\t\t<div class=\"e-con-inner\">\n\t\t\t\t<div class=\"elementor-element elementor-element-5ad2f47 elementor-widget elementor-widget-heading\" data-id=\"5ad2f47\" data-element_type=\"widget\" data-widget_type=\"heading.default\">\n\t\t\t\t<div class=\"elementor-widget-container\">\n\t\t\t<h2 class=\"elementor-heading-title elementor-size-default\">Auswahl der Sprache:<\/h2>\t\t<\/div>\n\t\t\t\t<\/div>\n\t\t\t\t\t<\/div>\n\t\t\t\t<\/div>\n\t\t<div class=\"elementor-element elementor-element-95421ad e-flex e-con-boxed e-con e-parent\" data-id=\"95421ad\" data-element_type=\"container\">\n\t\t\t\t\t<div class=\"e-con-inner\">\n\t\t\t\t<div class=\"elementor-element elementor-element-02c2b56 elementor-widget elementor-widget-text-editor\" data-id=\"02c2b56\" data-element_type=\"widget\" data-widget_type=\"text-editor.default\">\n\t\t\t\t<div class=\"elementor-widget-container\">\n\t\t\t\t\t\t\t<ul><li>Klicken Sie auf das Zahnrad Icon &#8222;Einstellungen&#8220; in der unteren rechten Ecke.<\/li><\/ul><p><img loading=\"lazy\" decoding=\"async\" class=\"alignnone wp-image-723 size-full\" src=\"https:\/\/docs.fast.grollmus.de\/wp-content\/uploads\/2024\/09\/Screenshot-2024-09-25-120354.png\" alt=\"\" width=\"1906\" height=\"1036\" srcset=\"https:\/\/docs.fast.grollmus.de\/wp-content\/uploads\/2024\/09\/Screenshot-2024-09-25-120354.png 1906w, https:\/\/docs.fast.grollmus.de\/wp-content\/uploads\/2024\/09\/Screenshot-2024-09-25-120354-300x163.png 300w, https:\/\/docs.fast.grollmus.de\/wp-content\/uploads\/2024\/09\/Screenshot-2024-09-25-120354-1024x557.png 1024w, https:\/\/docs.fast.grollmus.de\/wp-content\/uploads\/2024\/09\/Screenshot-2024-09-25-120354-768x417.png 768w, https:\/\/docs.fast.grollmus.de\/wp-content\/uploads\/2024\/09\/Screenshot-2024-09-25-120354-1536x835.png 1536w, https:\/\/docs.fast.grollmus.de\/wp-content\/uploads\/2024\/09\/Screenshot-2024-09-25-120354-1568x852.png 1568w\" sizes=\"(max-width: 1906px) 100vw, 1906px\" \/><\/p><ul><li>W\u00e4hlen Sie das entsprechende Sprachpaket aus.<\/li><\/ul><p><img loading=\"lazy\" decoding=\"async\" class=\"size-medium wp-image-737 aligncenter\" src=\"https:\/\/docs.fast.grollmus.de\/wp-content\/uploads\/2024\/09\/Screenshot-2024-09-25-115745.png\" alt=\"\" width=\"165\" height=\"117\" \/><\/p><ul><li>Die Sprache wurde gewechselt.<\/li><\/ul><p><img loading=\"lazy\" decoding=\"async\" class=\"alignnone wp-image-738 size-full\" src=\"https:\/\/docs.fast.grollmus.de\/wp-content\/uploads\/2024\/09\/Screenshot-2024-09-25-121558.png\" alt=\"\" width=\"1909\" height=\"1031\" srcset=\"https:\/\/docs.fast.grollmus.de\/wp-content\/uploads\/2024\/09\/Screenshot-2024-09-25-121558.png 1909w, https:\/\/docs.fast.grollmus.de\/wp-content\/uploads\/2024\/09\/Screenshot-2024-09-25-121558-300x162.png 300w, https:\/\/docs.fast.grollmus.de\/wp-content\/uploads\/2024\/09\/Screenshot-2024-09-25-121558-1024x553.png 1024w, https:\/\/docs.fast.grollmus.de\/wp-content\/uploads\/2024\/09\/Screenshot-2024-09-25-121558-768x415.png 768w, https:\/\/docs.fast.grollmus.de\/wp-content\/uploads\/2024\/09\/Screenshot-2024-09-25-121558-1536x830.png 1536w, https:\/\/docs.fast.grollmus.de\/wp-content\/uploads\/2024\/09\/Screenshot-2024-09-25-121558-1568x847.png 1568w\" sizes=\"(max-width: 1909px) 100vw, 1909px\" \/><\/p><p><img loading=\"lazy\" decoding=\"async\" class=\"alignnone wp-image-516\" src=\"https:\/\/docs.fast.grollmus.de\/wp-content\/uploads\/2024\/09\/warnschild_vorsicht-300x300.png\" alt=\"\" width=\"54\" height=\"54\" srcset=\"https:\/\/docs.fast.grollmus.de\/wp-content\/uploads\/2024\/09\/warnschild_vorsicht-300x300.png 300w, https:\/\/docs.fast.grollmus.de\/wp-content\/uploads\/2024\/09\/warnschild_vorsicht-150x150.png 150w, https:\/\/docs.fast.grollmus.de\/wp-content\/uploads\/2024\/09\/warnschild_vorsicht.png 500w\" sizes=\"(max-width: 54px) 100vw, 54px\" \/>Die Sprachumschaltung wird erst <strong>beim \u00d6ffnen eines Projektes im Modul Machine Configuration <\/strong>an die verbundene TIA Portal Instanz weitergegeben.<\/p>\t\t\t\t\t\t<\/div>\n\t\t\t\t<\/div>\n\t\t\t\t\t<\/div>\n\t\t\t\t<\/div>\n\t\t\t\t<\/div>\n\t\t","protected":false},"excerpt":{"rendered":"<p>Einf\u00fchrung: Um die bearbeitung in der gew\u00fcnschten TIA Portal Version auszuf\u00fchren, mu\u00df diese zu Beginn definiert werden. Es stehen nur die parallel zum FAST lokal installierten TIA Portal Versionen zur Auswahl.\u00a0 Die aktuell eingestellte Version wird immer unten rechts als Icon angezeigt. Bitte achten Sie darauf, vor der Bearbeitung in den entsprechenden Modulen auf die&hellip; <a class=\"more-link\" href=\"https:\/\/docs.fast.grollmus.de\/de\/konfiguration-fast\/\"><span class=\"screen-reader-text\">Konfiguration FAST<\/span> weiterlesen<\/a><\/p>\n","protected":false},"author":1,"featured_media":0,"parent":0,"menu_order":0,"comment_status":"closed","ping_status":"closed","template":"","meta":{"footnotes":""},"class_list":["post-492","page","type-page","status-publish","hentry","entry"],"_links":{"self":[{"href":"https:\/\/docs.fast.grollmus.de\/de\/wp-json\/wp\/v2\/pages\/492","targetHints":{"allow":["GET"]}}],"collection":[{"href":"https:\/\/docs.fast.grollmus.de\/de\/wp-json\/wp\/v2\/pages"}],"about":[{"href":"https:\/\/docs.fast.grollmus.de\/de\/wp-json\/wp\/v2\/types\/page"}],"author":[{"embeddable":true,"href":"https:\/\/docs.fast.grollmus.de\/de\/wp-json\/wp\/v2\/users\/1"}],"replies":[{"embeddable":true,"href":"https:\/\/docs.fast.grollmus.de\/de\/wp-json\/wp\/v2\/comments?post=492"}],"version-history":[{"count":40,"href":"https:\/\/docs.fast.grollmus.de\/de\/wp-json\/wp\/v2\/pages\/492\/revisions"}],"predecessor-version":[{"id":1787,"href":"https:\/\/docs.fast.grollmus.de\/de\/wp-json\/wp\/v2\/pages\/492\/revisions\/1787"}],"wp:attachment":[{"href":"https:\/\/docs.fast.grollmus.de\/de\/wp-json\/wp\/v2\/media?parent=492"}],"curies":[{"name":"wp","href":"https:\/\/api.w.org\/{rel}","templated":true}]}}