{"id":489,"date":"2024-09-23T11:00:55","date_gmt":"2024-09-23T09:00:55","guid":{"rendered":"https:\/\/docs.fast.grollmus.de\/?page_id=489"},"modified":"2024-12-09T11:33:32","modified_gmt":"2024-12-09T10:33:32","slug":"installationsanleitung","status":"publish","type":"page","link":"https:\/\/docs.fast.grollmus.de\/de\/installationsanleitung\/","title":{"rendered":"Installationsanleitung"},"content":{"rendered":"\t\t<div data-elementor-type=\"wp-page\" data-elementor-id=\"489\" class=\"elementor elementor-489\">\n\t\t\t\t<div class=\"elementor-element elementor-element-9fe99b9 e-flex e-con-boxed e-con e-parent\" data-id=\"9fe99b9\" data-element_type=\"container\">\n\t\t\t\t\t<div class=\"e-con-inner\">\n\t\t\t\t<div class=\"elementor-element elementor-element-894224e elementor-widget elementor-widget-heading\" data-id=\"894224e\" data-element_type=\"widget\" data-widget_type=\"heading.default\">\n\t\t\t\t<div class=\"elementor-widget-container\">\n\t\t\t<h2 class=\"elementor-heading-title elementor-size-default\">Installation:<\/h2>\t\t<\/div>\n\t\t\t\t<\/div>\n\t\t\t\t\t<\/div>\n\t\t\t\t<\/div>\n\t\t<div class=\"elementor-element elementor-element-3b61256 e-flex e-con-boxed e-con e-parent\" data-id=\"3b61256\" data-element_type=\"container\">\n\t\t\t\t\t<div class=\"e-con-inner\">\n\t\t\t\t<div class=\"elementor-element elementor-element-1db0a1a elementor-widget elementor-widget-text-editor\" data-id=\"1db0a1a\" data-element_type=\"widget\" data-widget_type=\"text-editor.default\">\n\t\t\t\t<div class=\"elementor-widget-container\">\n\t\t\t\t\t\t\t<p>Die Vorgehensweise wird am Beispiel erkl\u00e4rt mit dem Betriebssystem Windows 10 Pro 22H2.<\/p><p>Um das Softwarepaket zu installieren, gehen Sie folgenderma\u00dfen vor:<\/p><ul><li>W\u00e4hlen Sie den Dateipfad der Installationsdatei aus, und starten Sie die Installation manuell durch Doppelklick auf die Datei &#8222;FactoryAutomationStudioSetup.exe&#8220;<\/li><\/ul><p><img fetchpriority=\"high\" decoding=\"async\" class=\"aligncenter wp-image-570 size-full\" src=\"https:\/\/docs.fast.grollmus.de\/wp-content\/uploads\/2024\/09\/Screenshot-2024-09-24-121911.png\" alt=\"\" width=\"731\" height=\"505\" srcset=\"https:\/\/docs.fast.grollmus.de\/wp-content\/uploads\/2024\/09\/Screenshot-2024-09-24-121911.png 731w, https:\/\/docs.fast.grollmus.de\/wp-content\/uploads\/2024\/09\/Screenshot-2024-09-24-121911-300x207.png 300w\" sizes=\"(max-width: 731px) 100vw, 731px\" \/><\/p><ul><li>Best\u00e4tigen Sie die Windows Sicherheitswarnung<\/li><\/ul><p><img decoding=\"async\" class=\"aligncenter wp-image-571 size-full\" src=\"https:\/\/docs.fast.grollmus.de\/wp-content\/uploads\/2024\/09\/Screenshot-2024-09-24-121944.png\" alt=\"\" width=\"1796\" height=\"1001\" srcset=\"https:\/\/docs.fast.grollmus.de\/wp-content\/uploads\/2024\/09\/Screenshot-2024-09-24-121944.png 1796w, https:\/\/docs.fast.grollmus.de\/wp-content\/uploads\/2024\/09\/Screenshot-2024-09-24-121944-300x167.png 300w, https:\/\/docs.fast.grollmus.de\/wp-content\/uploads\/2024\/09\/Screenshot-2024-09-24-121944-1024x571.png 1024w, https:\/\/docs.fast.grollmus.de\/wp-content\/uploads\/2024\/09\/Screenshot-2024-09-24-121944-768x428.png 768w, https:\/\/docs.fast.grollmus.de\/wp-content\/uploads\/2024\/09\/Screenshot-2024-09-24-121944-1536x856.png 1536w, https:\/\/docs.fast.grollmus.de\/wp-content\/uploads\/2024\/09\/Screenshot-2024-09-24-121944-1568x874.png 1568w\" sizes=\"(max-width: 1796px) 100vw, 1796px\" \/><\/p><ul><li>Es \u00f6ffnet sich ein Pop-Up Fenster und Sie werden durch den Installtionsprozess gef\u00fchrt. Klicken Sie auf &#8222;Weiter&#8220;<\/li><\/ul><p><img decoding=\"async\" class=\"aligncenter wp-image-572 size-full\" src=\"https:\/\/docs.fast.grollmus.de\/wp-content\/uploads\/2024\/09\/Screenshot-2024-09-24-122011.png\" alt=\"\" width=\"491\" height=\"390\" srcset=\"https:\/\/docs.fast.grollmus.de\/wp-content\/uploads\/2024\/09\/Screenshot-2024-09-24-122011.png 491w, https:\/\/docs.fast.grollmus.de\/wp-content\/uploads\/2024\/09\/Screenshot-2024-09-24-122011-300x238.png 300w\" sizes=\"(max-width: 491px) 100vw, 491px\" \/><\/p><ul><li>Best\u00e4tigen Sie die Endbenutzer Lizenzvereinbarung<\/li><\/ul><p><img loading=\"lazy\" decoding=\"async\" class=\"aligncenter wp-image-573 size-full\" src=\"https:\/\/docs.fast.grollmus.de\/wp-content\/uploads\/2024\/09\/Screenshot-2024-09-24-122032.png\" alt=\"\" width=\"493\" height=\"390\" srcset=\"https:\/\/docs.fast.grollmus.de\/wp-content\/uploads\/2024\/09\/Screenshot-2024-09-24-122032.png 493w, https:\/\/docs.fast.grollmus.de\/wp-content\/uploads\/2024\/09\/Screenshot-2024-09-24-122032-300x237.png 300w\" sizes=\"(max-width: 493px) 100vw, 493px\" \/><\/p><ul><li>W\u00e4hlen Sie ggf. ein Installtionsverzeichnis und klicken Sie auf &#8222;Weiter&#8220;<\/li><\/ul><p><img loading=\"lazy\" decoding=\"async\" class=\"aligncenter wp-image-574 size-full\" src=\"https:\/\/docs.fast.grollmus.de\/wp-content\/uploads\/2024\/09\/Screenshot-2024-09-24-122057.png\" alt=\"\" width=\"493\" height=\"391\" srcset=\"https:\/\/docs.fast.grollmus.de\/wp-content\/uploads\/2024\/09\/Screenshot-2024-09-24-122057.png 493w, https:\/\/docs.fast.grollmus.de\/wp-content\/uploads\/2024\/09\/Screenshot-2024-09-24-122057-300x238.png 300w\" sizes=\"(max-width: 493px) 100vw, 493px\" \/><\/p><ul><li>Klicken Sie auf &#8222;Installieren&#8220;<\/li><\/ul><p><img loading=\"lazy\" decoding=\"async\" class=\"aligncenter wp-image-578 size-full\" src=\"https:\/\/docs.fast.grollmus.de\/wp-content\/uploads\/2024\/09\/Screenshot-2024-09-24-122115.png\" alt=\"\" width=\"492\" height=\"390\" srcset=\"https:\/\/docs.fast.grollmus.de\/wp-content\/uploads\/2024\/09\/Screenshot-2024-09-24-122115.png 492w, https:\/\/docs.fast.grollmus.de\/wp-content\/uploads\/2024\/09\/Screenshot-2024-09-24-122115-300x238.png 300w\" sizes=\"(max-width: 492px) 100vw, 492px\" \/><\/p><ul><li>Nach erfolgreichem Abschlu\u00df der Installation \u00f6ffnet sich das Factory Automation Studio. Ist dies nicht gew\u00fcnscht entfernen Sie bitten das H\u00e4ckchen bei &#8222;Factory Automation Studio ausf\u00fchren&#8220; bevor Sie auf &#8222;Fertigstellen&#8220; klicken.<\/li><\/ul><p><img loading=\"lazy\" decoding=\"async\" class=\"aligncenter wp-image-586 size-full\" src=\"https:\/\/docs.fast.grollmus.de\/wp-content\/uploads\/2024\/09\/Screenshot-2024-09-24-122228.png\" alt=\"\" width=\"495\" height=\"389\" srcset=\"https:\/\/docs.fast.grollmus.de\/wp-content\/uploads\/2024\/09\/Screenshot-2024-09-24-122228.png 495w, https:\/\/docs.fast.grollmus.de\/wp-content\/uploads\/2024\/09\/Screenshot-2024-09-24-122228-300x236.png 300w\" sizes=\"(max-width: 495px) 100vw, 495px\" \/><\/p>\t\t\t\t\t\t<\/div>\n\t\t\t\t<\/div>\n\t\t\t\t\t<\/div>\n\t\t\t\t<\/div>\n\t\t\t\t<\/div>\n\t\t","protected":false},"excerpt":{"rendered":"<p>Installation: Die Vorgehensweise wird am Beispiel erkl\u00e4rt mit dem Betriebssystem Windows 10 Pro 22H2. Um das Softwarepaket zu installieren, gehen Sie folgenderma\u00dfen vor: W\u00e4hlen Sie den Dateipfad der Installationsdatei aus, und starten Sie die Installation manuell durch Doppelklick auf die Datei &#8222;FactoryAutomationStudioSetup.exe&#8220; Best\u00e4tigen Sie die Windows Sicherheitswarnung Es \u00f6ffnet sich ein Pop-Up Fenster und Sie&hellip; <a class=\"more-link\" href=\"https:\/\/docs.fast.grollmus.de\/de\/installationsanleitung\/\"><span class=\"screen-reader-text\">Installationsanleitung<\/span> weiterlesen<\/a><\/p>\n","protected":false},"author":1,"featured_media":0,"parent":0,"menu_order":0,"comment_status":"closed","ping_status":"closed","template":"","meta":{"footnotes":""},"class_list":["post-489","page","type-page","status-publish","hentry","entry"],"_links":{"self":[{"href":"https:\/\/docs.fast.grollmus.de\/de\/wp-json\/wp\/v2\/pages\/489","targetHints":{"allow":["GET"]}}],"collection":[{"href":"https:\/\/docs.fast.grollmus.de\/de\/wp-json\/wp\/v2\/pages"}],"about":[{"href":"https:\/\/docs.fast.grollmus.de\/de\/wp-json\/wp\/v2\/types\/page"}],"author":[{"embeddable":true,"href":"https:\/\/docs.fast.grollmus.de\/de\/wp-json\/wp\/v2\/users\/1"}],"replies":[{"embeddable":true,"href":"https:\/\/docs.fast.grollmus.de\/de\/wp-json\/wp\/v2\/comments?post=489"}],"version-history":[{"count":49,"href":"https:\/\/docs.fast.grollmus.de\/de\/wp-json\/wp\/v2\/pages\/489\/revisions"}],"predecessor-version":[{"id":1778,"href":"https:\/\/docs.fast.grollmus.de\/de\/wp-json\/wp\/v2\/pages\/489\/revisions\/1778"}],"wp:attachment":[{"href":"https:\/\/docs.fast.grollmus.de\/de\/wp-json\/wp\/v2\/media?parent=489"}],"curies":[{"name":"wp","href":"https:\/\/api.w.org\/{rel}","templated":true}]}}