{"id":306,"date":"2022-05-06T11:34:56","date_gmt":"2022-05-06T09:34:56","guid":{"rendered":"https:\/\/docs.fast.grollmus.de\/?page_id=306"},"modified":"2024-12-10T12:39:30","modified_gmt":"2024-12-10T11:39:30","slug":"berechtigung-tia-openness","status":"publish","type":"page","link":"https:\/\/docs.fast.grollmus.de\/de\/dokumentation\/berechtigung-tia-openness\/","title":{"rendered":"Berechtigung TIA Openness"},"content":{"rendered":"\t\t<div data-elementor-type=\"wp-page\" data-elementor-id=\"306\" class=\"elementor elementor-306\">\n\t\t\t\t<div class=\"elementor-element elementor-element-62babec e-flex e-con-boxed e-con e-parent\" data-id=\"62babec\" data-element_type=\"container\">\n\t\t\t\t\t<div class=\"e-con-inner\">\n\t\t\t\t<div class=\"elementor-element elementor-element-83888ca elementor-widget elementor-widget-heading\" data-id=\"83888ca\" data-element_type=\"widget\" data-widget_type=\"heading.default\">\n\t\t\t\t<div class=\"elementor-widget-container\">\n\t\t\t<h2 class=\"elementor-heading-title elementor-size-default\">Einleitung<\/h2>\t\t<\/div>\n\t\t\t\t<\/div>\n\t\t\t\t\t<\/div>\n\t\t\t\t<\/div>\n\t\t\t\t<section class=\"elementor-section elementor-top-section elementor-element elementor-element-54b6908 elementor-section-boxed elementor-section-height-default elementor-section-height-default\" data-id=\"54b6908\" data-element_type=\"section\">\n\t\t\t\t\t\t<div class=\"elementor-container elementor-column-gap-default\">\n\t\t\t\t\t<div class=\"elementor-column elementor-col-100 elementor-top-column elementor-element elementor-element-d6009f6\" data-id=\"d6009f6\" data-element_type=\"column\">\n\t\t\t<div class=\"elementor-widget-wrap elementor-element-populated\">\n\t\t\t\t\t\t<div class=\"elementor-element elementor-element-50872ba elementor-widget elementor-widget-text-editor\" data-id=\"50872ba\" data-element_type=\"widget\" data-widget_type=\"text-editor.default\">\n\t\t\t\t<div class=\"elementor-widget-container\">\n\t\t\t\t\t\t\t<p>Um mit TIA Opennes arbeiten zu k\u00f6nnen, muss der angemeldete Benutzer der Benutzergruppe &#8222;Siemens TIA Openness&#8220; hinzugef\u00fcgt werden.<\/p>\t\t\t\t\t\t<\/div>\n\t\t\t\t<\/div>\n\t\t\t\t\t<\/div>\n\t\t<\/div>\n\t\t\t\t\t<\/div>\n\t\t<\/section>\n\t\t<div class=\"elementor-element elementor-element-f19af65 e-flex e-con-boxed e-con e-parent\" data-id=\"f19af65\" data-element_type=\"container\">\n\t\t\t\t\t<div class=\"e-con-inner\">\n\t\t\t\t<div class=\"elementor-element elementor-element-951df0e elementor-widget elementor-widget-heading\" data-id=\"951df0e\" data-element_type=\"widget\" data-widget_type=\"heading.default\">\n\t\t\t\t<div class=\"elementor-widget-container\">\n\t\t\t<h2 class=\"elementor-heading-title elementor-size-default\">Berechtigung einrichten:<\/h2>\t\t<\/div>\n\t\t\t\t<\/div>\n\t\t\t\t\t<\/div>\n\t\t\t\t<\/div>\n\t\t\t\t<section class=\"elementor-section elementor-top-section elementor-element elementor-element-67551fb elementor-section-boxed elementor-section-height-default elementor-section-height-default\" data-id=\"67551fb\" data-element_type=\"section\">\n\t\t\t\t\t\t<div class=\"elementor-container elementor-column-gap-default\">\n\t\t\t\t\t<div class=\"elementor-column elementor-col-100 elementor-top-column elementor-element elementor-element-974da35\" data-id=\"974da35\" data-element_type=\"column\">\n\t\t\t<div class=\"elementor-widget-wrap elementor-element-populated\">\n\t\t\t\t\t\t<div class=\"elementor-element elementor-element-9fe684d elementor-widget elementor-widget-text-editor\" data-id=\"9fe684d\" data-element_type=\"widget\" data-widget_type=\"text-editor.default\">\n\t\t\t\t<div class=\"elementor-widget-container\">\n\t\t\t\t\t\t\t<p><span class=\"TextRun SCXW194630758 BCX9\" lang=\"DE-DE\" xml:lang=\"DE-DE\" data-contrast=\"auto\"><span class=\"NormalTextRun SCXW194630758 BCX9\">1. Rechner muss sich in der Firmen-Dom\u00e4ne befinden<\/span><span class=\"NormalTextRun SCXW194630758 BCX9\"> (ggf. 1<\/span><span class=\"NormalTextRun SCXW194630758 BCX9\">5<\/span><span class=\"NormalTextRun SCXW194630758 BCX9\"> Minuten warten nach Verbindung mit Firmennetzwerk)<\/span><\/span><\/p><p><span class=\"TextRun SCXW266541471 BCX9\" lang=\"DE-DE\" xml:lang=\"DE-DE\" data-contrast=\"auto\"><span class=\"NormalTextRun SCXW266541471 BCX9\">2. Computerverwaltung \u00f6ffnen<br \/><\/span><\/span><\/p>\t\t\t\t\t\t<\/div>\n\t\t\t\t<\/div>\n\t\t\t\t\t<\/div>\n\t\t<\/div>\n\t\t\t\t\t<\/div>\n\t\t<\/section>\n\t\t<div class=\"elementor-element elementor-element-16f0d95 e-flex e-con-boxed e-con e-parent\" data-id=\"16f0d95\" data-element_type=\"container\">\n\t\t\t\t\t<div class=\"e-con-inner\">\n\t\t\t\t<div class=\"elementor-element elementor-element-93663e3 elementor-widget elementor-widget-image\" data-id=\"93663e3\" data-element_type=\"widget\" data-widget_type=\"image.default\">\n\t\t\t\t<div class=\"elementor-widget-container\">\n\t\t\t\t\t\t\t\t\t\t\t\t\t<img fetchpriority=\"high\" decoding=\"async\" width=\"604\" height=\"525\" src=\"https:\/\/docs.fast.grollmus.de\/wp-content\/uploads\/2022\/05\/AddUserTiaOpenness2.png\" class=\"attachment-full size-full wp-image-308\" alt=\"\" srcset=\"https:\/\/docs.fast.grollmus.de\/wp-content\/uploads\/2022\/05\/AddUserTiaOpenness2.png 604w, https:\/\/docs.fast.grollmus.de\/wp-content\/uploads\/2022\/05\/AddUserTiaOpenness2-300x261.png 300w\" sizes=\"(max-width: 604px) 100vw, 604px\" style=\"width:100%;height:86.92%;max-width:604px\" \/>\t\t\t\t\t\t\t\t\t\t\t\t\t<\/div>\n\t\t\t\t<\/div>\n\t\t\t\t\t<\/div>\n\t\t\t\t<\/div>\n\t\t<div class=\"elementor-element elementor-element-fca1348 e-flex e-con-boxed e-con e-parent\" data-id=\"fca1348\" data-element_type=\"container\">\n\t\t\t\t\t<div class=\"e-con-inner\">\n\t\t\t\t<div class=\"elementor-element elementor-element-83b292c elementor-widget elementor-widget-text-editor\" data-id=\"83b292c\" data-element_type=\"widget\" data-widget_type=\"text-editor.default\">\n\t\t\t\t<div class=\"elementor-widget-container\">\n\t\t\t\t\t\t\t<p>3. Zu \u201eComputerverwaltung\u201c &#8211;&gt; \u201eSystem\u201c &#8211;&gt; \u201eLokale Benutzer und Gruppen\u201c &#8211;&gt; \u201eGruppen\u201c navigieren<\/p>\t\t\t\t\t\t<\/div>\n\t\t\t\t<\/div>\n\t\t\t\t\t<\/div>\n\t\t\t\t<\/div>\n\t\t<div class=\"elementor-element elementor-element-32d85f4 e-flex e-con-boxed e-con e-parent\" data-id=\"32d85f4\" data-element_type=\"container\">\n\t\t\t\t\t<div class=\"e-con-inner\">\n\t\t\t\t<div class=\"elementor-element elementor-element-a698f99 elementor-widget elementor-widget-image\" data-id=\"a698f99\" data-element_type=\"widget\" data-widget_type=\"image.default\">\n\t\t\t\t<div class=\"elementor-widget-container\">\n\t\t\t\t\t\t\t\t\t\t\t\t\t<img decoding=\"async\" width=\"582\" height=\"418\" src=\"https:\/\/docs.fast.grollmus.de\/wp-content\/uploads\/2022\/05\/AddUserTiaOpenness3.png\" class=\"attachment-large size-large wp-image-309\" alt=\"\" srcset=\"https:\/\/docs.fast.grollmus.de\/wp-content\/uploads\/2022\/05\/AddUserTiaOpenness3.png 582w, https:\/\/docs.fast.grollmus.de\/wp-content\/uploads\/2022\/05\/AddUserTiaOpenness3-300x215.png 300w\" sizes=\"(max-width: 582px) 100vw, 582px\" style=\"width:100%;height:71.82%;max-width:582px\" \/>\t\t\t\t\t\t\t\t\t\t\t\t\t<\/div>\n\t\t\t\t<\/div>\n\t\t\t\t\t<\/div>\n\t\t\t\t<\/div>\n\t\t<div class=\"elementor-element elementor-element-b46af00 e-flex e-con-boxed e-con e-parent\" data-id=\"b46af00\" data-element_type=\"container\">\n\t\t\t\t\t<div class=\"e-con-inner\">\n\t\t\t\t<div class=\"elementor-element elementor-element-d3cd7df elementor-widget elementor-widget-text-editor\" data-id=\"d3cd7df\" data-element_type=\"widget\" data-widget_type=\"text-editor.default\">\n\t\t\t\t<div class=\"elementor-widget-container\">\n\t\t\t\t\t\t\t<p>4. In der Liste \u201eSiemens TIA Openness\u201c suchen und mit doppeltem Mausklick die Eigenschaften \u00f6ffnen.<\/p>\t\t\t\t\t\t<\/div>\n\t\t\t\t<\/div>\n\t\t\t\t\t<\/div>\n\t\t\t\t<\/div>\n\t\t<div class=\"elementor-element elementor-element-5595b0d e-flex e-con-boxed e-con e-parent\" data-id=\"5595b0d\" data-element_type=\"container\">\n\t\t\t\t\t<div class=\"e-con-inner\">\n\t\t\t\t<div class=\"elementor-element elementor-element-c1267f7 elementor-widget elementor-widget-image\" data-id=\"c1267f7\" data-element_type=\"widget\" data-widget_type=\"image.default\">\n\t\t\t\t<div class=\"elementor-widget-container\">\n\t\t\t\t\t\t\t\t\t\t\t\t\t<img decoding=\"async\" width=\"605\" height=\"435\" src=\"https:\/\/docs.fast.grollmus.de\/wp-content\/uploads\/2022\/05\/AddUserTiaOpenness4.png\" class=\"attachment-large size-large wp-image-310\" alt=\"\" srcset=\"https:\/\/docs.fast.grollmus.de\/wp-content\/uploads\/2022\/05\/AddUserTiaOpenness4.png 605w, https:\/\/docs.fast.grollmus.de\/wp-content\/uploads\/2022\/05\/AddUserTiaOpenness4-300x216.png 300w\" sizes=\"(max-width: 605px) 100vw, 605px\" style=\"width:100%;height:71.9%;max-width:605px\" \/>\t\t\t\t\t\t\t\t\t\t\t\t\t<\/div>\n\t\t\t\t<\/div>\n\t\t\t\t\t<\/div>\n\t\t\t\t<\/div>\n\t\t<div class=\"elementor-element elementor-element-ee6ac68 e-flex e-con-boxed e-con e-parent\" data-id=\"ee6ac68\" data-element_type=\"container\">\n\t\t\t\t\t<div class=\"e-con-inner\">\n\t\t\t\t<div class=\"elementor-element elementor-element-30c9674 elementor-widget elementor-widget-text-editor\" data-id=\"30c9674\" data-element_type=\"widget\" data-widget_type=\"text-editor.default\">\n\t\t\t\t<div class=\"elementor-widget-container\">\n\t\t\t\t\t\t\t<p>5. In den Eigenschaften-Fenster auf \u201eHinzuf\u00fcgen\u201c dr\u00fccken.<\/p>\t\t\t\t\t\t<\/div>\n\t\t\t\t<\/div>\n\t\t\t\t\t<\/div>\n\t\t\t\t<\/div>\n\t\t<div class=\"elementor-element elementor-element-9332e1f e-flex e-con-boxed e-con e-parent\" data-id=\"9332e1f\" data-element_type=\"container\">\n\t\t\t\t\t<div class=\"e-con-inner\">\n\t\t\t\t<div class=\"elementor-element elementor-element-d7e7f7e elementor-widget elementor-widget-image\" data-id=\"d7e7f7e\" data-element_type=\"widget\" data-widget_type=\"image.default\">\n\t\t\t\t<div class=\"elementor-widget-container\">\n\t\t\t\t\t\t\t\t\t\t\t\t\t<img loading=\"lazy\" decoding=\"async\" width=\"605\" height=\"432\" src=\"https:\/\/docs.fast.grollmus.de\/wp-content\/uploads\/2022\/05\/AddUserTiaOpenness5.png\" class=\"attachment-large size-large wp-image-311\" alt=\"\" srcset=\"https:\/\/docs.fast.grollmus.de\/wp-content\/uploads\/2022\/05\/AddUserTiaOpenness5.png 605w, https:\/\/docs.fast.grollmus.de\/wp-content\/uploads\/2022\/05\/AddUserTiaOpenness5-300x214.png 300w\" sizes=\"(max-width: 605px) 100vw, 605px\" style=\"width:100%;height:71.4%;max-width:605px\" \/>\t\t\t\t\t\t\t\t\t\t\t\t\t<\/div>\n\t\t\t\t<\/div>\n\t\t\t\t\t<\/div>\n\t\t\t\t<\/div>\n\t\t<div class=\"elementor-element elementor-element-ce7a9af e-flex e-con-boxed e-con e-parent\" data-id=\"ce7a9af\" data-element_type=\"container\">\n\t\t\t\t\t<div class=\"e-con-inner\">\n\t\t\t\t<div class=\"elementor-element elementor-element-ead9d66 elementor-widget elementor-widget-text-editor\" data-id=\"ead9d66\" data-element_type=\"widget\" data-widget_type=\"text-editor.default\">\n\t\t\t\t<div class=\"elementor-widget-container\">\n\t\t\t\t\t\t\t<p>6. Im Fenster \u201eBenutzer ausw\u00e4hlen\u201c im Textfeld unten den eigenen Benutzernamen (Windowsanmeldeaccount) eingeben und auf \u201eNamen \u00fcberpr\u00fcfen\u201c dr\u00fccken<\/p>\t\t\t\t\t\t<\/div>\n\t\t\t\t<\/div>\n\t\t\t\t\t<\/div>\n\t\t\t\t<\/div>\n\t\t<div class=\"elementor-element elementor-element-8a1fd70 e-flex e-con-boxed e-con e-parent\" data-id=\"8a1fd70\" data-element_type=\"container\">\n\t\t\t\t\t<div class=\"e-con-inner\">\n\t\t\t\t<div class=\"elementor-element elementor-element-dfc750e elementor-widget elementor-widget-image\" data-id=\"dfc750e\" data-element_type=\"widget\" data-widget_type=\"image.default\">\n\t\t\t\t<div class=\"elementor-widget-container\">\n\t\t\t\t\t\t\t\t\t\t\t\t\t<img loading=\"lazy\" decoding=\"async\" width=\"604\" height=\"433\" src=\"https:\/\/docs.fast.grollmus.de\/wp-content\/uploads\/2022\/05\/AddUserTiaOpenness6.png\" class=\"attachment-large size-large wp-image-312\" alt=\"\" srcset=\"https:\/\/docs.fast.grollmus.de\/wp-content\/uploads\/2022\/05\/AddUserTiaOpenness6.png 604w, https:\/\/docs.fast.grollmus.de\/wp-content\/uploads\/2022\/05\/AddUserTiaOpenness6-300x215.png 300w\" sizes=\"(max-width: 604px) 100vw, 604px\" style=\"width:100%;height:71.69%;max-width:604px\" \/>\t\t\t\t\t\t\t\t\t\t\t\t\t<\/div>\n\t\t\t\t<\/div>\n\t\t\t\t\t<\/div>\n\t\t\t\t<\/div>\n\t\t<div class=\"elementor-element elementor-element-33822ab e-flex e-con-boxed e-con e-parent\" data-id=\"33822ab\" data-element_type=\"container\">\n\t\t\t\t\t<div class=\"e-con-inner\">\n\t\t\t\t<div class=\"elementor-element elementor-element-d984e9a elementor-widget elementor-widget-text-editor\" data-id=\"d984e9a\" data-element_type=\"widget\" data-widget_type=\"text-editor.default\">\n\t\t\t\t<div class=\"elementor-widget-container\">\n\t\t\t\t\t\t\t<p>7. Wenn ein unterstrichener Name angezeigt wird, Fenster \u201eBenutzer ausw\u00e4hlen\u201c mit \u201eOK\u201c schlie\u00dfen<\/p>\t\t\t\t\t\t<\/div>\n\t\t\t\t<\/div>\n\t\t\t\t\t<\/div>\n\t\t\t\t<\/div>\n\t\t<div class=\"elementor-element elementor-element-7eaafad e-flex e-con-boxed e-con e-parent\" data-id=\"7eaafad\" data-element_type=\"container\">\n\t\t\t\t\t<div class=\"e-con-inner\">\n\t\t\t\t<div class=\"elementor-element elementor-element-502e9c3 elementor-widget elementor-widget-image\" data-id=\"502e9c3\" data-element_type=\"widget\" data-widget_type=\"image.default\">\n\t\t\t\t<div class=\"elementor-widget-container\">\n\t\t\t\t\t\t\t\t\t\t\t\t\t<img loading=\"lazy\" decoding=\"async\" width=\"605\" height=\"435\" src=\"https:\/\/docs.fast.grollmus.de\/wp-content\/uploads\/2022\/05\/AddUserTiaOpenness7.png\" class=\"attachment-large size-large wp-image-313\" alt=\"\" srcset=\"https:\/\/docs.fast.grollmus.de\/wp-content\/uploads\/2022\/05\/AddUserTiaOpenness7.png 605w, https:\/\/docs.fast.grollmus.de\/wp-content\/uploads\/2022\/05\/AddUserTiaOpenness7-300x216.png 300w\" sizes=\"(max-width: 605px) 100vw, 605px\" style=\"width:100%;height:71.9%;max-width:605px\" \/>\t\t\t\t\t\t\t\t\t\t\t\t\t<\/div>\n\t\t\t\t<\/div>\n\t\t\t\t\t<\/div>\n\t\t\t\t<\/div>\n\t\t<div class=\"elementor-element elementor-element-b012414 e-flex e-con-boxed e-con e-parent\" data-id=\"b012414\" data-element_type=\"container\">\n\t\t\t\t\t<div class=\"e-con-inner\">\n\t\t\t\t<div class=\"elementor-element elementor-element-68abe22 elementor-widget elementor-widget-text-editor\" data-id=\"68abe22\" data-element_type=\"widget\" data-widget_type=\"text-editor.default\">\n\t\t\t\t<div class=\"elementor-widget-container\">\n\t\t\t\t\t\t\t<p>8. Eingabe mit OK best\u00e4tigen<\/p>\t\t\t\t\t\t<\/div>\n\t\t\t\t<\/div>\n\t\t\t\t\t<\/div>\n\t\t\t\t<\/div>\n\t\t<div class=\"elementor-element elementor-element-a48273c e-flex e-con-boxed e-con e-parent\" data-id=\"a48273c\" data-element_type=\"container\">\n\t\t\t\t\t<div class=\"e-con-inner\">\n\t\t\t\t<div class=\"elementor-element elementor-element-33d0c7b elementor-widget elementor-widget-image\" data-id=\"33d0c7b\" data-element_type=\"widget\" data-widget_type=\"image.default\">\n\t\t\t\t<div class=\"elementor-widget-container\">\n\t\t\t\t\t\t\t\t\t\t\t\t\t<img loading=\"lazy\" decoding=\"async\" width=\"604\" height=\"433\" src=\"https:\/\/docs.fast.grollmus.de\/wp-content\/uploads\/2022\/05\/AddUserTiaOpenness8.png\" class=\"attachment-large size-large wp-image-314\" alt=\"\" srcset=\"https:\/\/docs.fast.grollmus.de\/wp-content\/uploads\/2022\/05\/AddUserTiaOpenness8.png 604w, https:\/\/docs.fast.grollmus.de\/wp-content\/uploads\/2022\/05\/AddUserTiaOpenness8-300x215.png 300w\" sizes=\"(max-width: 604px) 100vw, 604px\" style=\"width:100%;height:71.69%;max-width:604px\" \/>\t\t\t\t\t\t\t\t\t\t\t\t\t<\/div>\n\t\t\t\t<\/div>\n\t\t\t\t\t<\/div>\n\t\t\t\t<\/div>\n\t\t\t\t<\/div>\n\t\t","protected":false},"excerpt":{"rendered":"<p>Einleitung Um mit TIA Opennes arbeiten zu k\u00f6nnen, muss der angemeldete Benutzer der Benutzergruppe &#8222;Siemens TIA Openness&#8220; hinzugef\u00fcgt werden. Berechtigung einrichten: 1. Rechner muss sich in der Firmen-Dom\u00e4ne befinden (ggf. 15 Minuten warten nach Verbindung mit Firmennetzwerk) 2. Computerverwaltung \u00f6ffnen 3. Zu \u201eComputerverwaltung\u201c &#8211;&gt; \u201eSystem\u201c &#8211;&gt; \u201eLokale Benutzer und Gruppen\u201c &#8211;&gt; \u201eGruppen\u201c navigieren 4. In&hellip; <a class=\"more-link\" href=\"https:\/\/docs.fast.grollmus.de\/de\/dokumentation\/berechtigung-tia-openness\/\"><span class=\"screen-reader-text\">Berechtigung TIA Openness<\/span> weiterlesen<\/a><\/p>\n","protected":false},"author":1,"featured_media":0,"parent":5,"menu_order":0,"comment_status":"closed","ping_status":"closed","template":"","meta":{"footnotes":""},"class_list":["post-306","page","type-page","status-publish","hentry","entry"],"_links":{"self":[{"href":"https:\/\/docs.fast.grollmus.de\/de\/wp-json\/wp\/v2\/pages\/306","targetHints":{"allow":["GET"]}}],"collection":[{"href":"https:\/\/docs.fast.grollmus.de\/de\/wp-json\/wp\/v2\/pages"}],"about":[{"href":"https:\/\/docs.fast.grollmus.de\/de\/wp-json\/wp\/v2\/types\/page"}],"author":[{"embeddable":true,"href":"https:\/\/docs.fast.grollmus.de\/de\/wp-json\/wp\/v2\/users\/1"}],"replies":[{"embeddable":true,"href":"https:\/\/docs.fast.grollmus.de\/de\/wp-json\/wp\/v2\/comments?post=306"}],"version-history":[{"count":140,"href":"https:\/\/docs.fast.grollmus.de\/de\/wp-json\/wp\/v2\/pages\/306\/revisions"}],"predecessor-version":[{"id":1863,"href":"https:\/\/docs.fast.grollmus.de\/de\/wp-json\/wp\/v2\/pages\/306\/revisions\/1863"}],"up":[{"embeddable":true,"href":"https:\/\/docs.fast.grollmus.de\/de\/wp-json\/wp\/v2\/pages\/5"}],"wp:attachment":[{"href":"https:\/\/docs.fast.grollmus.de\/de\/wp-json\/wp\/v2\/media?parent=306"}],"curies":[{"name":"wp","href":"https:\/\/api.w.org\/{rel}","templated":true}]}}