{"id":22,"date":"2021-04-21T13:57:44","date_gmt":"2021-04-21T11:57:44","guid":{"rendered":"http:\/\/localhost\/?page_id=22"},"modified":"2024-09-27T09:57:37","modified_gmt":"2024-09-27T07:57:37","slug":"rechtliche-hinweise","status":"publish","type":"page","link":"https:\/\/docs.fast.grollmus.de\/de\/dokumentation\/rechtliche-hinweise\/","title":{"rendered":"Rechtliche Hinweise"},"content":{"rendered":"\t\t<div data-elementor-type=\"wp-page\" data-elementor-id=\"22\" class=\"elementor elementor-22\">\n\t\t\t\t\t\t<section class=\"elementor-section elementor-top-section elementor-element elementor-element-d455bad elementor-section-boxed elementor-section-height-default elementor-section-height-default\" data-id=\"d455bad\" data-element_type=\"section\">\n\t\t\t\t\t\t<div class=\"elementor-container elementor-column-gap-default\">\n\t\t\t\t\t<div class=\"elementor-column elementor-col-100 elementor-top-column elementor-element elementor-element-15e3d45\" data-id=\"15e3d45\" data-element_type=\"column\">\n\t\t\t<div class=\"elementor-widget-wrap elementor-element-populated\">\n\t\t\t\t\t\t<div class=\"elementor-element elementor-element-78ceba3 elementor-widget elementor-widget-text-editor\" data-id=\"78ceba3\" data-element_type=\"widget\" data-widget_type=\"text-editor.default\">\n\t\t\t\t<div class=\"elementor-widget-container\">\n\t\t\t\t\t\t\t<div tabindex=\"0\" data-main-rotation=\"0\"><strong>Warnhinweiskonzept<\/strong><\/div><div class=\"textLayer\" tabindex=\"0\" data-main-rotation=\"0\"><span dir=\"ltr\" role=\"presentation\">Diese Dokumentation enth\u00e4lt Hinweise, die Sie zu Ihrer pers\u00f6nlichen Sicherheit sowie zur Vermeidung von<\/span><br role=\"presentation\" \/><span dir=\"ltr\" role=\"presentation\">Sachsch\u00e4den beachten m\u00fcssen. Die Hinweise zu Ihrer pers\u00f6nlichen Sicherheit sind durch ein Warndreieck<\/span><br role=\"presentation\" \/><span dir=\"ltr\" role=\"presentation\">hervorgehoben, Hinweise zu alleinigen Sachsch\u00e4den stehen ohne Warndreieck. Je nach Gef\u00e4hrdungsstufe werden<\/span><br role=\"presentation\" \/><span dir=\"ltr\" role=\"presentation\">die Warnhinweise in abnehmender Reihenfolge wie folgt dargestellt.<\/span><\/div><div class=\"textLayer\" tabindex=\"0\" data-main-rotation=\"0\"><br role=\"presentation\" \/><span dir=\"ltr\" role=\"presentation\"><img decoding=\"async\" class=\"wp-image-516 alignnone\" src=\"https:\/\/docs.fast.grollmus.de\/wp-content\/uploads\/2024\/09\/warnschild_vorsicht-300x300.png\" alt=\"\" width=\"55\" height=\"55\" srcset=\"https:\/\/docs.fast.grollmus.de\/wp-content\/uploads\/2024\/09\/warnschild_vorsicht-300x300.png 300w, https:\/\/docs.fast.grollmus.de\/wp-content\/uploads\/2024\/09\/warnschild_vorsicht-150x150.png 150w, https:\/\/docs.fast.grollmus.de\/wp-content\/uploads\/2024\/09\/warnschild_vorsicht.png 500w\" sizes=\"(max-width: 55px) 100vw, 55px\" \/>GEFAHR<\/span><br role=\"presentation\" \/><span dir=\"ltr\" role=\"presentation\">bedeutet, dass Tod oder schwere K\u00f6rperverletzung eintreten<\/span>\u00a0 <span dir=\"ltr\" role=\"presentation\">wird<\/span><span dir=\"ltr\" role=\"presentation\">, wenn die entsprechenden Vorsichtsma\u00dfnahmen <\/span><span dir=\"ltr\" role=\"presentation\">nicht<\/span> <span dir=\"ltr\" role=\"presentation\">getroffen<\/span> <span dir=\"ltr\" role=\"presentation\">werden.<\/span><\/div><div class=\"textLayer\" tabindex=\"0\" data-main-rotation=\"0\"><br role=\"presentation\" \/><span dir=\"ltr\" role=\"presentation\"><img decoding=\"async\" class=\"alignnone wp-image-516\" src=\"https:\/\/docs.fast.grollmus.de\/wp-content\/uploads\/2024\/09\/warnschild_vorsicht-300x300.png\" alt=\"\" width=\"55\" height=\"55\" srcset=\"https:\/\/docs.fast.grollmus.de\/wp-content\/uploads\/2024\/09\/warnschild_vorsicht-300x300.png 300w, https:\/\/docs.fast.grollmus.de\/wp-content\/uploads\/2024\/09\/warnschild_vorsicht-150x150.png 150w, https:\/\/docs.fast.grollmus.de\/wp-content\/uploads\/2024\/09\/warnschild_vorsicht.png 500w\" sizes=\"(max-width: 55px) 100vw, 55px\" \/>WARNUNG<\/span><br role=\"presentation\" \/><span dir=\"ltr\" role=\"presentation\">bedeutet, dass Tod oder schwere K\u00f6rperverletzung eintreten<\/span> <span dir=\"ltr\" role=\"presentation\">kann<\/span><span dir=\"ltr\" role=\"presentation\">, wenn die entsprechenden Vorsichtsma\u00dfnahmen<\/span><br role=\"presentation\" \/><span dir=\"ltr\" role=\"presentation\">nicht<\/span> <span dir=\"ltr\" role=\"presentation\">getroffen<\/span> <span dir=\"ltr\" role=\"presentation\">werden.<\/span><\/div><div class=\"textLayer\" tabindex=\"0\" data-main-rotation=\"0\"><br role=\"presentation\" \/><span dir=\"ltr\" role=\"presentation\"><img decoding=\"async\" class=\"alignnone wp-image-516\" src=\"https:\/\/docs.fast.grollmus.de\/wp-content\/uploads\/2024\/09\/warnschild_vorsicht-300x300.png\" alt=\"\" width=\"56\" height=\"56\" srcset=\"https:\/\/docs.fast.grollmus.de\/wp-content\/uploads\/2024\/09\/warnschild_vorsicht-300x300.png 300w, https:\/\/docs.fast.grollmus.de\/wp-content\/uploads\/2024\/09\/warnschild_vorsicht-150x150.png 150w, https:\/\/docs.fast.grollmus.de\/wp-content\/uploads\/2024\/09\/warnschild_vorsicht.png 500w\" sizes=\"(max-width: 56px) 100vw, 56px\" \/>VORSICHT<\/span><br role=\"presentation\" \/><span dir=\"ltr\" role=\"presentation\">bedeutet, dass eine leichte K\u00f6rperverletzung eintreten kann, wenn die entsprechenden Vorsichtsma\u00dfnahmen nicht<\/span><br role=\"presentation\" \/><span dir=\"ltr\" role=\"presentation\">getroffen<\/span> <span dir=\"ltr\" role=\"presentation\">werden.<\/span><\/div><div class=\"textLayer\" tabindex=\"0\" data-main-rotation=\"0\"><br role=\"presentation\" \/><span dir=\"ltr\" role=\"presentation\">ACHTUNG<\/span><br role=\"presentation\" \/><span dir=\"ltr\" role=\"presentation\">bedeutet, dass Sachschaden eintreten kann, wenn die entsprechenden Vorsichtsma\u00dfnahmen nicht<\/span> <span dir=\"ltr\" role=\"presentation\">getroffen<\/span><br role=\"presentation\" \/><span dir=\"ltr\" role=\"presentation\">werden.<\/span><\/div><div class=\"textLayer\" tabindex=\"0\" data-main-rotation=\"0\"><br role=\"presentation\" \/><span dir=\"ltr\" role=\"presentation\">Beim Auftreten mehrerer Gef\u00e4hrdungsstufen wird immer der Warnhinweis zur jeweils h\u00f6chsten Stufe verwendet.<\/span><br role=\"presentation\" \/><span dir=\"ltr\" role=\"presentation\">Wenn in einem Warnhinweis mit dem Warndreieck vor Personensch\u00e4den gewarnt wird, dann kann im selben<\/span><br role=\"presentation\" \/><span dir=\"ltr\" role=\"presentation\">Warnhinweis zus\u00e4tzlich eine Warnung vor Sachsch\u00e4den angef\u00fcgt sein.<\/span><\/div><div class=\"textLayer\" tabindex=\"0\" data-main-rotation=\"0\"><br role=\"presentation\" \/><strong>Qualifiziertes Personal<\/strong><br role=\"presentation\" \/><span dir=\"ltr\" role=\"presentation\">Das zu dieser Dokumentation zugeh\u00f6rige Produkt\/System darf nur von f\u00fcr die jeweilige Aufgabenstellung<\/span><br role=\"presentation\" \/><span dir=\"ltr\" role=\"presentation\">qualifiziertem<\/span> <span dir=\"ltr\" role=\"presentation\">Personal<\/span> <span dir=\"ltr\" role=\"presentation\">gehandhabt werden unter Beachtung der f\u00fcr die jeweilige Aufgabenstellung zugeh\u00f6rigen<\/span><br role=\"presentation\" \/><span dir=\"ltr\" role=\"presentation\">Dokumentation, insbesondere der darin enthaltenen Sicherheits- und Warnhinweise.<\/span> <span dir=\"ltr\" role=\"presentation\">Qualifiziertes<\/span> <span dir=\"ltr\" role=\"presentation\">Personal ist auf <\/span><span dir=\"ltr\" role=\"presentation\">Grund seiner Ausbildung und Erfahrung bef\u00e4higt, im Umgang mit diesen Produkten\/Systemen Risiken zu erkennen <\/span><span dir=\"ltr\" role=\"presentation\">und m\u00f6gliche Gef\u00e4hrdungen zu vermeiden.<\/span><\/div><div class=\"textLayer\" tabindex=\"0\" data-main-rotation=\"0\"><br role=\"presentation\" \/><strong><span dir=\"ltr\" role=\"presentation\">Bestimmungsgem\u00e4\u00dfer Gebrauch von Grollmus-Produkten<\/span><\/strong><br role=\"presentation\" \/><span dir=\"ltr\" role=\"presentation\">Beachten Sie Folgendes:<\/span><br role=\"presentation\" \/><span dir=\"ltr\" role=\"presentation\"><img decoding=\"async\" class=\"alignnone wp-image-516\" src=\"https:\/\/docs.fast.grollmus.de\/wp-content\/uploads\/2024\/09\/warnschild_vorsicht-300x300.png\" alt=\"\" width=\"55\" height=\"55\" srcset=\"https:\/\/docs.fast.grollmus.de\/wp-content\/uploads\/2024\/09\/warnschild_vorsicht-300x300.png 300w, https:\/\/docs.fast.grollmus.de\/wp-content\/uploads\/2024\/09\/warnschild_vorsicht-150x150.png 150w, https:\/\/docs.fast.grollmus.de\/wp-content\/uploads\/2024\/09\/warnschild_vorsicht.png 500w\" sizes=\"(max-width: 55px) 100vw, 55px\" \/>WARNUNG<\/span><br role=\"presentation\" \/><span dir=\"ltr\" role=\"presentation\">Grollmus-Produkte d\u00fcrfen nur f\u00fcr die im Katalog und in der zugeh\u00f6rigen technischen Dokumentation vorgesehenen <\/span><span dir=\"ltr\" role=\"presentation\">Einsatzf\u00e4lle verwendet werden. Falls Fremdprodukte und -komponenten zum Einsatz kommen, m\u00fcssen diese von Grollmus<\/span><span dir=\"ltr\" role=\"presentation\"> empfohlen bzw. zugelassen sein. Der einwandfreie und sichere Betrieb der Produkte setzt sachgem\u00e4\u00dfen <\/span><span dir=\"ltr\" role=\"presentation\">Transport, sachgem\u00e4\u00dfe Lagerung, Aufstellung, Montage, Installation, Inbetriebnahme, Bedienung und <\/span><span dir=\"ltr\" role=\"presentation\">Instandhaltung voraus. Die zul\u00e4ssigen Umgebungsbedingungen m\u00fcssen eingehalten werden. Hinweise in den<\/span><br role=\"presentation\" \/><span dir=\"ltr\" role=\"presentation\">zugeh\u00f6rigen Dokumentationen m\u00fcssen beachtet werden.<\/span><\/div><div class=\"textLayer\" tabindex=\"0\" data-main-rotation=\"0\"><br role=\"presentation\" \/><strong><span dir=\"ltr\" role=\"presentation\">Marken<\/span><\/strong><br role=\"presentation\" \/><span dir=\"ltr\" role=\"presentation\">Alle mit dem Schutzrechtsvermerk \u00ae gekennzeichneten Bezeichnungen sind eingetragene Marken der Grollmus GmbH. <\/span><span dir=\"ltr\" role=\"presentation\">Die \u00fcbrigen Bezeichnungen in dieser Schrift k\u00f6nnen Marken sein, deren Benutzung durch Dritte f\u00fcr deren Zwecke <\/span><span dir=\"ltr\" role=\"presentation\">die Rechte der Inhaber verletzen kann.<\/span><\/div><div class=\"textLayer\" tabindex=\"0\" data-main-rotation=\"0\"><br role=\"presentation\" \/><strong><span dir=\"ltr\" role=\"presentation\">Haftungsausschluss<\/span><\/strong><br role=\"presentation\" \/><span dir=\"ltr\" role=\"presentation\">Wir haben den Inhalt der Druckschrift auf \u00dcbereinstimmung mit der beschriebenen Hard- und Software gepr\u00fcft. <\/span><span dir=\"ltr\" role=\"presentation\">Dennoch k\u00f6nnen Abweichungen nicht ausgeschlossen werden, so dass wir f\u00fcr die vollst\u00e4ndige \u00dcbereinstimmung <\/span><span dir=\"ltr\" role=\"presentation\">keine Gew\u00e4hr \u00fcbernehmen. Die Angaben in dieser Druckschrift werden regelm\u00e4\u00dfig \u00fcberpr\u00fcft, notwendige <\/span><span dir=\"ltr\" role=\"presentation\">Korrekturen sind in den nachfolgenden<\/span> <span dir=\"ltr\" role=\"presentation\">Auflagen<\/span> <span dir=\"ltr\" role=\"presentation\">enthalt<\/span><\/div>\t\t\t\t\t\t<\/div>\n\t\t\t\t<\/div>\n\t\t\t\t\t<\/div>\n\t\t<\/div>\n\t\t\t\t\t<\/div>\n\t\t<\/section>\n\t\t\t\t<\/div>\n\t\t","protected":false},"excerpt":{"rendered":"<p>WarnhinweiskonzeptDiese Dokumentation enth\u00e4lt Hinweise, die Sie zu Ihrer pers\u00f6nlichen Sicherheit sowie zur Vermeidung vonSachsch\u00e4den beachten m\u00fcssen. Die Hinweise zu Ihrer pers\u00f6nlichen Sicherheit sind durch ein Warndreieckhervorgehoben, Hinweise zu alleinigen Sachsch\u00e4den stehen ohne Warndreieck. Je nach Gef\u00e4hrdungsstufe werdendie Warnhinweise in abnehmender Reihenfolge wie folgt dargestellt.GEFAHRbedeutet, dass Tod oder schwere K\u00f6rperverletzung eintreten\u00a0 wird, wenn die entsprechenden Vorsichtsma\u00dfnahmen&hellip; <a class=\"more-link\" href=\"https:\/\/docs.fast.grollmus.de\/de\/dokumentation\/rechtliche-hinweise\/\"><span class=\"screen-reader-text\">Rechtliche Hinweise<\/span> weiterlesen<\/a><\/p>\n","protected":false},"author":1,"featured_media":0,"parent":5,"menu_order":0,"comment_status":"closed","ping_status":"closed","template":"","meta":{"footnotes":""},"class_list":["post-22","page","type-page","status-publish","hentry","entry"],"_links":{"self":[{"href":"https:\/\/docs.fast.grollmus.de\/de\/wp-json\/wp\/v2\/pages\/22","targetHints":{"allow":["GET"]}}],"collection":[{"href":"https:\/\/docs.fast.grollmus.de\/de\/wp-json\/wp\/v2\/pages"}],"about":[{"href":"https:\/\/docs.fast.grollmus.de\/de\/wp-json\/wp\/v2\/types\/page"}],"author":[{"embeddable":true,"href":"https:\/\/docs.fast.grollmus.de\/de\/wp-json\/wp\/v2\/users\/1"}],"replies":[{"embeddable":true,"href":"https:\/\/docs.fast.grollmus.de\/de\/wp-json\/wp\/v2\/comments?post=22"}],"version-history":[{"count":14,"href":"https:\/\/docs.fast.grollmus.de\/de\/wp-json\/wp\/v2\/pages\/22\/revisions"}],"predecessor-version":[{"id":819,"href":"https:\/\/docs.fast.grollmus.de\/de\/wp-json\/wp\/v2\/pages\/22\/revisions\/819"}],"up":[{"embeddable":true,"href":"https:\/\/docs.fast.grollmus.de\/de\/wp-json\/wp\/v2\/pages\/5"}],"wp:attachment":[{"href":"https:\/\/docs.fast.grollmus.de\/de\/wp-json\/wp\/v2\/media?parent=22"}],"curies":[{"name":"wp","href":"https:\/\/api.w.org\/{rel}","templated":true}]}}