{"id":16,"date":"2021-04-21T13:57:04","date_gmt":"2021-04-21T11:57:04","guid":{"rendered":"http:\/\/localhost\/?page_id=16"},"modified":"2024-09-25T17:11:49","modified_gmt":"2024-09-25T15:11:49","slug":"styleguide","status":"publish","type":"page","link":"https:\/\/docs.fast.grollmus.de\/de\/dokumentation\/styleguide\/","title":{"rendered":"Styleguide Design"},"content":{"rendered":"\t\t<div data-elementor-type=\"wp-page\" data-elementor-id=\"16\" class=\"elementor elementor-16\">\n\t\t\t\t\t\t<section class=\"elementor-section elementor-top-section elementor-element elementor-element-b81afe5 elementor-section-boxed elementor-section-height-default elementor-section-height-default\" data-id=\"b81afe5\" data-element_type=\"section\">\n\t\t\t\t\t\t<div class=\"elementor-container elementor-column-gap-default\">\n\t\t\t\t\t<div class=\"elementor-column elementor-col-100 elementor-top-column elementor-element elementor-element-ad4446b\" data-id=\"ad4446b\" data-element_type=\"column\">\n\t\t\t<div class=\"elementor-widget-wrap elementor-element-populated\">\n\t\t\t\t\t\t<div class=\"elementor-element elementor-element-d231f4a elementor-widget elementor-widget-heading\" data-id=\"d231f4a\" data-element_type=\"widget\" data-widget_type=\"heading.default\">\n\t\t\t\t<div class=\"elementor-widget-container\">\n\t\t\t<h2 class=\"elementor-heading-title elementor-size-default\">Einleitung<\/h2>\t\t<\/div>\n\t\t\t\t<\/div>\n\t\t\t\t<div class=\"elementor-element elementor-element-9cabaf2 elementor-widget elementor-widget-text-editor\" data-id=\"9cabaf2\" data-element_type=\"widget\" data-widget_type=\"text-editor.default\">\n\t\t\t\t<div class=\"elementor-widget-container\">\n\t\t\t\t\t\t\t<p>Im Styleguide Design werden die Regeln und Vorgaben nach der sich die automatische Code-Generierung richtet definiert. Ziel ist es, einen einheitlichen, Styleguide-konformen Code zu erhalten.<\/p><p>Der Styleguide wird in Dateiform abgelegt und kann weitergegeben werden. Es lassen sich mehrere Styleguides verwalten.<\/p>\t\t\t\t\t\t<\/div>\n\t\t\t\t<\/div>\n\t\t\t\t<div class=\"elementor-element elementor-element-be1b2e9 elementor-widget elementor-widget-spacer\" data-id=\"be1b2e9\" data-element_type=\"widget\" data-widget_type=\"spacer.default\">\n\t\t\t\t<div class=\"elementor-widget-container\">\n\t\t\t\t\t<div class=\"elementor-spacer\">\n\t\t\t<div class=\"elementor-spacer-inner\"><\/div>\n\t\t<\/div>\n\t\t\t\t<\/div>\n\t\t\t\t<\/div>\n\t\t\t\t\t<\/div>\n\t\t<\/div>\n\t\t\t\t\t<\/div>\n\t\t<\/section>\n\t\t\t\t<section class=\"elementor-section elementor-top-section elementor-element elementor-element-903a00d elementor-section-boxed elementor-section-height-default elementor-section-height-default\" data-id=\"903a00d\" data-element_type=\"section\">\n\t\t\t\t\t\t<div class=\"elementor-container elementor-column-gap-default\">\n\t\t\t\t\t<div class=\"elementor-column elementor-col-100 elementor-top-column elementor-element elementor-element-24e93d0\" data-id=\"24e93d0\" data-element_type=\"column\">\n\t\t\t<div class=\"elementor-widget-wrap elementor-element-populated\">\n\t\t\t\t\t\t<div class=\"elementor-element elementor-element-673ed12 elementor-widget elementor-widget-heading\" data-id=\"673ed12\" data-element_type=\"widget\" data-widget_type=\"heading.default\">\n\t\t\t\t<div class=\"elementor-widget-container\">\n\t\t\t<h2 class=\"elementor-heading-title elementor-size-default\">Styleguide anlegen\/\u00f6ffnen\/speichern<\/h2>\t\t<\/div>\n\t\t\t\t<\/div>\n\t\t\t\t<div class=\"elementor-element elementor-element-b74f341 elementor-widget elementor-widget-text-editor\" data-id=\"b74f341\" data-element_type=\"widget\" data-widget_type=\"text-editor.default\">\n\t\t\t\t<div class=\"elementor-widget-container\">\n\t\t\t\t\t\t\t<p>Im Modul Styleguide Design kann ein neuer Styleguide erstellt oder auch ein bestehender Styleguide ge\u00f6ffnet, editiert und gespeichert werden. Zum \u00f6ffnen des Moduls Stylguide klicken sie auf folgende Kachel im Startmen\u00fc:<\/p><div><img fetchpriority=\"high\" decoding=\"async\" class=\"size-medium wp-image-754 aligncenter\" src=\"https:\/\/docs.fast.grollmus.de\/wp-content\/uploads\/2024\/09\/Screenshot-2024-09-25-141925-300x300.png\" alt=\"\" width=\"300\" height=\"300\" srcset=\"https:\/\/docs.fast.grollmus.de\/wp-content\/uploads\/2024\/09\/Screenshot-2024-09-25-141925-300x300.png 300w, https:\/\/docs.fast.grollmus.de\/wp-content\/uploads\/2024\/09\/Screenshot-2024-09-25-141925-150x150.png 150w, https:\/\/docs.fast.grollmus.de\/wp-content\/uploads\/2024\/09\/Screenshot-2024-09-25-141925.png 348w\" sizes=\"(max-width: 300px) 100vw, 300px\" \/><\/div>\t\t\t\t\t\t<\/div>\n\t\t\t\t<\/div>\n\t\t\t\t<div class=\"elementor-element elementor-element-09393af elementor-widget elementor-widget-video\" data-id=\"09393af\" data-element_type=\"widget\" data-settings=\"{&quot;video_type&quot;:&quot;hosted&quot;,&quot;controls&quot;:&quot;yes&quot;}\" data-widget_type=\"video.default\">\n\t\t\t\t<div class=\"elementor-widget-container\">\n\t\t\t\t\t<div class=\"e-hosted-video elementor-wrapper elementor-open-inline\">\n\t\t\t\t\t<video class=\"elementor-video\" src=\"https:\/\/docs.grollmus.de\/wp-content\/uploads\/2021\/10\/Styleguide_1.mp4\" controls=\"\" preload=\"metadata\" controlsList=\"nodownload\"><\/video>\n\t\t\t\t<\/div>\n\t\t\t\t<\/div>\n\t\t\t\t<\/div>\n\t\t\t\t<div class=\"elementor-element elementor-element-a81eda3 elementor-widget elementor-widget-text-editor\" data-id=\"a81eda3\" data-element_type=\"widget\" data-widget_type=\"text-editor.default\">\n\t\t\t\t<div class=\"elementor-widget-container\">\n\t\t\t\t\t\t\t<p>Ein neu angelegter Styleguide enth\u00e4lt initiale Standardeinstellungen, welche dem Siemens Standard Styleguide entsprechen.<\/p>\t\t\t\t\t\t<\/div>\n\t\t\t\t<\/div>\n\t\t\t\t<div class=\"elementor-element elementor-element-cedb616 elementor-widget elementor-widget-heading\" data-id=\"cedb616\" data-element_type=\"widget\" data-widget_type=\"heading.default\">\n\t\t\t\t<div class=\"elementor-widget-container\">\n\t\t\t<h2 class=\"elementor-heading-title elementor-size-default\">Men\u00fcleiste<\/h2>\t\t<\/div>\n\t\t\t\t<\/div>\n\t\t\t\t<div class=\"elementor-element elementor-element-15b7c2e elementor-widget elementor-widget-text-editor\" data-id=\"15b7c2e\" data-element_type=\"widget\" data-widget_type=\"text-editor.default\">\n\t\t\t\t<div class=\"elementor-widget-container\">\n\t\t\t\t\t\t\t<p><img decoding=\"async\" class=\"wp-image-759 size-full alignnone\" src=\"https:\/\/docs.fast.grollmus.de\/wp-content\/uploads\/2024\/09\/Screenshot-2024-09-25-162842.png\" alt=\"\" width=\"119\" height=\"31\" \/><\/p><p><img decoding=\"async\" class=\"alignnone size-full wp-image-760\" src=\"https:\/\/docs.fast.grollmus.de\/wp-content\/uploads\/2024\/09\/Screenshot-2024-09-25-164400.png\" alt=\"\" width=\"29\" height=\"31\" \/> zur\u00fcck zum Startmen\u00fc<\/p><p><img loading=\"lazy\" decoding=\"async\" class=\"alignnone size-full wp-image-761\" src=\"https:\/\/docs.fast.grollmus.de\/wp-content\/uploads\/2024\/09\/Screenshot-2024-09-25-164411.png\" alt=\"\" width=\"25\" height=\"25\" \/> anlegen eines neuen Styleguides im Dateisystem<\/p><p><img loading=\"lazy\" decoding=\"async\" class=\"alignnone wp-image-762\" src=\"https:\/\/docs.fast.grollmus.de\/wp-content\/uploads\/2024\/09\/Screenshot-2024-09-25-164423.png\" alt=\"\" width=\"23\" height=\"16\" \/> \u00f6ffnen eines bestehenden Styleguides aus dem Dateisystem<\/p><p><img loading=\"lazy\" decoding=\"async\" class=\"alignnone size-full wp-image-763\" src=\"https:\/\/docs.fast.grollmus.de\/wp-content\/uploads\/2024\/09\/Screenshot-2024-09-25-164433.png\" alt=\"\" width=\"31\" height=\"23\" \/> speichern der \u00c4nderungen<\/p><p><strong>\u00a0<\/strong><\/p>\t\t\t\t\t\t<\/div>\n\t\t\t\t<\/div>\n\t\t\t\t<div class=\"elementor-element elementor-element-d348b6c elementor-widget elementor-widget-heading\" data-id=\"d348b6c\" data-element_type=\"widget\" data-widget_type=\"heading.default\">\n\t\t\t\t<div class=\"elementor-widget-container\">\n\t\t\t<h2 class=\"elementor-heading-title elementor-size-default\">\u00dcbersicht Modul Styleguide:<\/h2>\t\t<\/div>\n\t\t\t\t<\/div>\n\t\t\t\t<div class=\"elementor-element elementor-element-4eef4a3 elementor-widget elementor-widget-text-editor\" data-id=\"4eef4a3\" data-element_type=\"widget\" data-widget_type=\"text-editor.default\">\n\t\t\t\t<div class=\"elementor-widget-container\">\n\t\t\t\t\t\t\t<p><img loading=\"lazy\" decoding=\"async\" class=\"alignnone wp-image-768 size-full\" src=\"https:\/\/docs.fast.grollmus.de\/wp-content\/uploads\/2024\/09\/Screenshot-2024-09-25-162229.png\" alt=\"\" width=\"1916\" height=\"1031\" srcset=\"https:\/\/docs.fast.grollmus.de\/wp-content\/uploads\/2024\/09\/Screenshot-2024-09-25-162229.png 1916w, https:\/\/docs.fast.grollmus.de\/wp-content\/uploads\/2024\/09\/Screenshot-2024-09-25-162229-300x161.png 300w, https:\/\/docs.fast.grollmus.de\/wp-content\/uploads\/2024\/09\/Screenshot-2024-09-25-162229-1024x551.png 1024w, https:\/\/docs.fast.grollmus.de\/wp-content\/uploads\/2024\/09\/Screenshot-2024-09-25-162229-768x413.png 768w, https:\/\/docs.fast.grollmus.de\/wp-content\/uploads\/2024\/09\/Screenshot-2024-09-25-162229-1536x827.png 1536w, https:\/\/docs.fast.grollmus.de\/wp-content\/uploads\/2024\/09\/Screenshot-2024-09-25-162229-1568x844.png 1568w\" sizes=\"(max-width: 1916px) 100vw, 1916px\" \/><\/p>\t\t\t\t\t\t<\/div>\n\t\t\t\t<\/div>\n\t\t\t\t<div class=\"elementor-element elementor-element-8f29b4c elementor-widget elementor-widget-spacer\" data-id=\"8f29b4c\" data-element_type=\"widget\" data-widget_type=\"spacer.default\">\n\t\t\t\t<div class=\"elementor-widget-container\">\n\t\t\t\t\t<div class=\"elementor-spacer\">\n\t\t\t<div class=\"elementor-spacer-inner\"><\/div>\n\t\t<\/div>\n\t\t\t\t<\/div>\n\t\t\t\t<\/div>\n\t\t\t\t\t<\/div>\n\t\t<\/div>\n\t\t\t\t\t<\/div>\n\t\t<\/section>\n\t\t\t\t<section class=\"elementor-section elementor-top-section elementor-element elementor-element-6a7c8d7 elementor-section-boxed elementor-section-height-default elementor-section-height-default\" data-id=\"6a7c8d7\" data-element_type=\"section\">\n\t\t\t\t\t\t<div class=\"elementor-container elementor-column-gap-default\">\n\t\t\t\t\t<div class=\"elementor-column elementor-col-100 elementor-top-column elementor-element elementor-element-e0816fa\" data-id=\"e0816fa\" data-element_type=\"column\">\n\t\t\t<div class=\"elementor-widget-wrap elementor-element-populated\">\n\t\t\t\t\t\t<div class=\"elementor-element elementor-element-3b53555 elementor-widget elementor-widget-heading\" data-id=\"3b53555\" data-element_type=\"widget\" data-widget_type=\"heading.default\">\n\t\t\t\t<div class=\"elementor-widget-container\">\n\t\t\t<h2 class=\"elementor-heading-title elementor-size-default\">Bezeichner<\/h2>\t\t<\/div>\n\t\t\t\t<\/div>\n\t\t\t\t<div class=\"elementor-element elementor-element-8518e2b elementor-widget elementor-widget-text-editor\" data-id=\"8518e2b\" data-element_type=\"widget\" data-widget_type=\"text-editor.default\">\n\t\t\t\t<div class=\"elementor-widget-container\">\n\t\t\t\t\t\t\t<p>Im Abschnitt Bezeichner Programmbausteine k\u00f6nnen einzelnen Programmelementen Pr\u00e4fixe\/Suffixe zugewiesen werden. Sie werden den Namen bei der Code-Generierung voran- oder nachgestellt.<\/p><p>Ist die Einstellung \u201eGruppenname in den Bausteinnamen aufnehmen\u201c aktiviert, wird beim Anlegen des entsprechenden Objekts der Gruppenname, in der das entsprechende Element liegt, dem Elementnamen vererbt.<\/p><p>Die Einstellung kann f\u00fcr nicht fehlersichere und fehlersichere Elemente getrennt vorgenommen werden.<\/p><p>\u00a0<\/p>\t\t\t\t\t\t<\/div>\n\t\t\t\t<\/div>\n\t\t\t\t<div class=\"elementor-element elementor-element-181272d elementor-widget elementor-widget-video\" data-id=\"181272d\" data-element_type=\"widget\" data-settings=\"{&quot;video_type&quot;:&quot;hosted&quot;,&quot;controls&quot;:&quot;yes&quot;}\" data-widget_type=\"video.default\">\n\t\t\t\t<div class=\"elementor-widget-container\">\n\t\t\t\t\t<div class=\"e-hosted-video elementor-wrapper elementor-open-inline\">\n\t\t\t\t\t<video class=\"elementor-video\" src=\"https:\/\/docs.grollmus.de\/wp-content\/uploads\/2021\/10\/Styleguide_2.mp4\" controls=\"\" preload=\"metadata\" controlsList=\"nodownload\"><\/video>\n\t\t\t\t<\/div>\n\t\t\t\t<\/div>\n\t\t\t\t<\/div>\n\t\t\t\t<div class=\"elementor-element elementor-element-63774a2 elementor-widget elementor-widget-spacer\" data-id=\"63774a2\" data-element_type=\"widget\" data-widget_type=\"spacer.default\">\n\t\t\t\t<div class=\"elementor-widget-container\">\n\t\t\t\t\t<div class=\"elementor-spacer\">\n\t\t\t<div class=\"elementor-spacer-inner\"><\/div>\n\t\t<\/div>\n\t\t\t\t<\/div>\n\t\t\t\t<\/div>\n\t\t\t\t<div class=\"elementor-element elementor-element-65314f6 elementor-widget elementor-widget-text-editor\" data-id=\"65314f6\" data-element_type=\"widget\" data-widget_type=\"text-editor.default\">\n\t\t\t\t<div class=\"elementor-widget-container\">\n\t\t\t\t\t\t\t<p>Im Abschnitt Bezeichner xTags k\u00f6nnen den jeweiligen gruppenweiten xTag Datenbausteinen\u00a0 Pr\u00e4fixe\/Suffixe zugewiesen werden.<\/p>\t\t\t\t\t\t<\/div>\n\t\t\t\t<\/div>\n\t\t\t\t<div class=\"elementor-element elementor-element-4203c00 elementor-widget elementor-widget-image\" data-id=\"4203c00\" data-element_type=\"widget\" data-widget_type=\"image.default\">\n\t\t\t\t<div class=\"elementor-widget-container\">\n\t\t\t\t\t\t\t\t\t\t\t\t\t\t<a href=\"https:\/\/docs.grollmus.de\/wp-content\/uploads\/2021\/10\/Styleguide_3.png\" data-elementor-open-lightbox=\"yes\" data-elementor-lightbox-title=\"Styleguide_3\" data-e-action-hash=\"#elementor-action%3Aaction%3Dlightbox%26settings%3DeyJpZCI6MTQzLCJ1cmwiOiJodHRwczpcL1wvZG9jcy5mYXN0Lmdyb2xsbXVzLmRlXC93cC1jb250ZW50XC91cGxvYWRzXC8yMDIxXC8xMFwvU3R5bGVndWlkZV8zLnBuZyJ9\">\n\t\t\t\t\t\t\t<img loading=\"lazy\" decoding=\"async\" width=\"1919\" height=\"1039\" src=\"https:\/\/docs.fast.grollmus.de\/wp-content\/uploads\/2021\/10\/Styleguide_3.png\" class=\"attachment-full size-full wp-image-143\" alt=\"\" srcset=\"https:\/\/docs.fast.grollmus.de\/wp-content\/uploads\/2021\/10\/Styleguide_3.png 1919w, https:\/\/docs.fast.grollmus.de\/wp-content\/uploads\/2021\/10\/Styleguide_3-300x162.png 300w, https:\/\/docs.fast.grollmus.de\/wp-content\/uploads\/2021\/10\/Styleguide_3-1024x554.png 1024w, https:\/\/docs.fast.grollmus.de\/wp-content\/uploads\/2021\/10\/Styleguide_3-768x416.png 768w, https:\/\/docs.fast.grollmus.de\/wp-content\/uploads\/2021\/10\/Styleguide_3-1536x832.png 1536w, https:\/\/docs.fast.grollmus.de\/wp-content\/uploads\/2021\/10\/Styleguide_3-1568x849.png 1568w\" sizes=\"(max-width: 1919px) 100vw, 1919px\" style=\"width:100%;height:54.14%;max-width:1919px\" \/>\t\t\t\t\t\t\t\t<\/a>\n\t\t\t\t\t\t\t\t\t\t\t\t\t<\/div>\n\t\t\t\t<\/div>\n\t\t\t\t<div class=\"elementor-element elementor-element-337ccfb elementor-widget elementor-widget-spacer\" data-id=\"337ccfb\" data-element_type=\"widget\" data-widget_type=\"spacer.default\">\n\t\t\t\t<div class=\"elementor-widget-container\">\n\t\t\t\t\t<div class=\"elementor-spacer\">\n\t\t\t<div class=\"elementor-spacer-inner\"><\/div>\n\t\t<\/div>\n\t\t\t\t<\/div>\n\t\t\t\t<\/div>\n\t\t\t\t<div class=\"elementor-element elementor-element-d004b63 elementor-widget elementor-widget-spacer\" data-id=\"d004b63\" data-element_type=\"widget\" data-widget_type=\"spacer.default\">\n\t\t\t\t<div class=\"elementor-widget-container\">\n\t\t\t\t\t<div class=\"elementor-spacer\">\n\t\t\t<div class=\"elementor-spacer-inner\"><\/div>\n\t\t<\/div>\n\t\t\t\t<\/div>\n\t\t\t\t<\/div>\n\t\t\t\t\t<\/div>\n\t\t<\/div>\n\t\t\t\t\t<\/div>\n\t\t<\/section>\n\t\t\t\t<section class=\"elementor-section elementor-top-section elementor-element elementor-element-45f58c1 elementor-section-boxed elementor-section-height-default elementor-section-height-default\" data-id=\"45f58c1\" data-element_type=\"section\">\n\t\t\t\t\t\t<div class=\"elementor-container elementor-column-gap-default\">\n\t\t\t\t\t<div class=\"elementor-column elementor-col-100 elementor-top-column elementor-element elementor-element-edbaed4\" data-id=\"edbaed4\" data-element_type=\"column\">\n\t\t\t<div class=\"elementor-widget-wrap elementor-element-populated\">\n\t\t\t\t\t\t<div class=\"elementor-element elementor-element-b78c693 elementor-widget elementor-widget-heading\" data-id=\"b78c693\" data-element_type=\"widget\" data-widget_type=\"heading.default\">\n\t\t\t\t<div class=\"elementor-widget-container\">\n\t\t\t<h2 class=\"elementor-heading-title elementor-size-default\">ECAD \/ Excel Import<\/h2>\t\t<\/div>\n\t\t\t\t<\/div>\n\t\t\t\t<div class=\"elementor-element elementor-element-dbe9aa2 elementor-widget elementor-widget-text-editor\" data-id=\"dbe9aa2\" data-element_type=\"widget\" data-widget_type=\"text-editor.default\">\n\t\t\t\t<div class=\"elementor-widget-container\">\n\t\t\t\t\t\t\t<p>Im Abschnitt ECAD \/ Excel Import werden die Benennung, Programmiersprachen und Zugriffsarten der durch den <span style=\"text-decoration: underline;\"><a href=\"https:\/\/docs.grollmus.de\/ecad-import\/\">ECAD Import<\/a>\u00a0<\/span>angelegten Programmelemente festgelegt.<\/p>\t\t\t\t\t\t<\/div>\n\t\t\t\t<\/div>\n\t\t\t\t<div class=\"elementor-element elementor-element-6629492 elementor-widget elementor-widget-video\" data-id=\"6629492\" data-element_type=\"widget\" data-settings=\"{&quot;video_type&quot;:&quot;hosted&quot;,&quot;controls&quot;:&quot;yes&quot;}\" data-widget_type=\"video.default\">\n\t\t\t\t<div class=\"elementor-widget-container\">\n\t\t\t\t\t<div class=\"e-hosted-video elementor-wrapper elementor-open-inline\">\n\t\t\t\t\t<video class=\"elementor-video\" src=\"https:\/\/docs.grollmus.de\/wp-content\/uploads\/2021\/10\/Doku-Styleguide_ECAD_import.mp4\" controls=\"\" preload=\"metadata\" controlsList=\"nodownload\"><\/video>\n\t\t\t\t<\/div>\n\t\t\t\t<\/div>\n\t\t\t\t<\/div>\n\t\t\t\t<div class=\"elementor-element elementor-element-b221a41 elementor-widget elementor-widget-spacer\" data-id=\"b221a41\" data-element_type=\"widget\" data-widget_type=\"spacer.default\">\n\t\t\t\t<div class=\"elementor-widget-container\">\n\t\t\t\t\t<div class=\"elementor-spacer\">\n\t\t\t<div class=\"elementor-spacer-inner\"><\/div>\n\t\t<\/div>\n\t\t\t\t<\/div>\n\t\t\t\t<\/div>\n\t\t\t\t\t<\/div>\n\t\t<\/div>\n\t\t\t\t\t<\/div>\n\t\t<\/section>\n\t\t\t\t<section class=\"elementor-section elementor-top-section elementor-element elementor-element-3655298 elementor-section-boxed elementor-section-height-default elementor-section-height-default\" data-id=\"3655298\" data-element_type=\"section\">\n\t\t\t\t\t\t<div class=\"elementor-container elementor-column-gap-default\">\n\t\t\t\t\t<div class=\"elementor-column elementor-col-100 elementor-top-column elementor-element elementor-element-e5e9db9\" data-id=\"e5e9db9\" data-element_type=\"column\">\n\t\t\t<div class=\"elementor-widget-wrap elementor-element-populated\">\n\t\t\t\t\t\t<div class=\"elementor-element elementor-element-6e2b249 elementor-widget elementor-widget-heading\" data-id=\"6e2b249\" data-element_type=\"widget\" data-widget_type=\"heading.default\">\n\t\t\t\t<div class=\"elementor-widget-container\">\n\t\t\t<h2 class=\"elementor-heading-title elementor-size-default\">Programmierung<\/h2>\t\t<\/div>\n\t\t\t\t<\/div>\n\t\t\t\t<div class=\"elementor-element elementor-element-5b9b511 elementor-widget elementor-widget-text-editor\" data-id=\"5b9b511\" data-element_type=\"widget\" data-widget_type=\"text-editor.default\">\n\t\t\t\t<div class=\"elementor-widget-container\">\n\t\t\t\t\t\t\t<p>Nicht erlaubte und bevorzugte Programmiersprachen sowie der bevorzugte Instanztyp werden im Abschnitt Programmierung festgelegt.<\/p><p>Nicht erlaubte Programmiersprachen werden bei der Erstellung von neuen Programmbausteinen nicht zur Auswahl angeboten. Die bevorzugte Programmiersprache wird vorausgew\u00e4hlt. Der bevorzugte Instanztyp wird, sofern m\u00f6glich, beim Aufrufen von Funktionsbausteinen vorselektiert.<\/p>\t\t\t\t\t\t<\/div>\n\t\t\t\t<\/div>\n\t\t\t\t<div class=\"elementor-element elementor-element-5615a55 elementor-widget elementor-widget-video\" data-id=\"5615a55\" data-element_type=\"widget\" data-settings=\"{&quot;video_type&quot;:&quot;hosted&quot;,&quot;controls&quot;:&quot;yes&quot;}\" data-widget_type=\"video.default\">\n\t\t\t\t<div class=\"elementor-widget-container\">\n\t\t\t\t\t<div class=\"e-hosted-video elementor-wrapper elementor-open-inline\">\n\t\t\t\t\t<video class=\"elementor-video\" src=\"https:\/\/docs.grollmus.de\/wp-content\/uploads\/2021\/10\/Doku-Styleguide_Programmierung.mp4\" controls=\"\" preload=\"metadata\" controlsList=\"nodownload\"><\/video>\n\t\t\t\t<\/div>\n\t\t\t\t<\/div>\n\t\t\t\t<\/div>\n\t\t\t\t\t<\/div>\n\t\t<\/div>\n\t\t\t\t\t<\/div>\n\t\t<\/section>\n\t\t\t\t<\/div>\n\t\t","protected":false},"excerpt":{"rendered":"<p>Einleitung Im Styleguide Design werden die Regeln und Vorgaben nach der sich die automatische Code-Generierung richtet definiert. Ziel ist es, einen einheitlichen, Styleguide-konformen Code zu erhalten. Der Styleguide wird in Dateiform abgelegt und kann weitergegeben werden. Es lassen sich mehrere Styleguides verwalten. Styleguide anlegen\/\u00f6ffnen\/speichern Im Modul Styleguide Design kann ein neuer Styleguide erstellt oder auch&hellip; <a class=\"more-link\" href=\"https:\/\/docs.fast.grollmus.de\/de\/dokumentation\/styleguide\/\"><span class=\"screen-reader-text\">Styleguide Design<\/span> weiterlesen<\/a><\/p>\n","protected":false},"author":1,"featured_media":0,"parent":5,"menu_order":0,"comment_status":"closed","ping_status":"closed","template":"","meta":{"footnotes":""},"class_list":["post-16","page","type-page","status-publish","hentry","entry"],"_links":{"self":[{"href":"https:\/\/docs.fast.grollmus.de\/de\/wp-json\/wp\/v2\/pages\/16","targetHints":{"allow":["GET"]}}],"collection":[{"href":"https:\/\/docs.fast.grollmus.de\/de\/wp-json\/wp\/v2\/pages"}],"about":[{"href":"https:\/\/docs.fast.grollmus.de\/de\/wp-json\/wp\/v2\/types\/page"}],"author":[{"embeddable":true,"href":"https:\/\/docs.fast.grollmus.de\/de\/wp-json\/wp\/v2\/users\/1"}],"replies":[{"embeddable":true,"href":"https:\/\/docs.fast.grollmus.de\/de\/wp-json\/wp\/v2\/comments?post=16"}],"version-history":[{"count":59,"href":"https:\/\/docs.fast.grollmus.de\/de\/wp-json\/wp\/v2\/pages\/16\/revisions"}],"predecessor-version":[{"id":795,"href":"https:\/\/docs.fast.grollmus.de\/de\/wp-json\/wp\/v2\/pages\/16\/revisions\/795"}],"up":[{"embeddable":true,"href":"https:\/\/docs.fast.grollmus.de\/de\/wp-json\/wp\/v2\/pages\/5"}],"wp:attachment":[{"href":"https:\/\/docs.fast.grollmus.de\/de\/wp-json\/wp\/v2\/media?parent=16"}],"curies":[{"name":"wp","href":"https:\/\/api.w.org\/{rel}","templated":true}]}}