{"id":14,"date":"2021-04-21T13:56:48","date_gmt":"2021-04-21T11:56:48","guid":{"rendered":"http:\/\/localhost\/?page_id=14"},"modified":"2024-12-10T12:20:19","modified_gmt":"2024-12-10T11:20:19","slug":"lizenzierung","status":"publish","type":"page","link":"https:\/\/docs.fast.grollmus.de\/de\/dokumentation\/lizenzierung\/","title":{"rendered":"Lizenzierung"},"content":{"rendered":"\t\t<div data-elementor-type=\"wp-page\" data-elementor-id=\"14\" class=\"elementor elementor-14\">\n\t\t\t\t\t\t<section class=\"elementor-section elementor-top-section elementor-element elementor-element-2d2c93f elementor-section-boxed elementor-section-height-default elementor-section-height-default\" data-id=\"2d2c93f\" data-element_type=\"section\">\n\t\t\t\t\t\t<div class=\"elementor-container elementor-column-gap-default\">\n\t\t\t\t\t<div class=\"elementor-column elementor-col-100 elementor-top-column elementor-element elementor-element-fb10e6a\" data-id=\"fb10e6a\" data-element_type=\"column\">\n\t\t\t<div class=\"elementor-widget-wrap elementor-element-populated\">\n\t\t\t\t\t\t<div class=\"elementor-element elementor-element-0aa6b45 elementor-widget__width-initial elementor-widget elementor-widget-heading\" data-id=\"0aa6b45\" data-element_type=\"widget\" data-widget_type=\"heading.default\">\n\t\t\t\t<div class=\"elementor-widget-container\">\n\t\t\t<h2 class=\"elementor-heading-title elementor-size-default\">Trial License<\/h2>\t\t<\/div>\n\t\t\t\t<\/div>\n\t\t\t\t\t<\/div>\n\t\t<\/div>\n\t\t\t\t\t<\/div>\n\t\t<\/section>\n\t\t\t\t<section class=\"elementor-section elementor-top-section elementor-element elementor-element-88b32fe elementor-section-boxed elementor-section-height-default elementor-section-height-default\" data-id=\"88b32fe\" data-element_type=\"section\">\n\t\t\t\t\t\t<div class=\"elementor-container elementor-column-gap-default\">\n\t\t\t\t\t<div class=\"elementor-column elementor-col-100 elementor-top-column elementor-element elementor-element-ca1bac4\" data-id=\"ca1bac4\" data-element_type=\"column\">\n\t\t\t<div class=\"elementor-widget-wrap elementor-element-populated\">\n\t\t\t\t\t\t<div class=\"elementor-element elementor-element-3548157 elementor-widget elementor-widget-text-editor\" data-id=\"3548157\" data-element_type=\"widget\" data-widget_type=\"text-editor.default\">\n\t\t\t\t<div class=\"elementor-widget-container\">\n\t\t\t\t\t\t\t<div class=\"card__description\">\n<p>Mit einer Trial License k\u00f6nnen Sie die entsprechende Software auf einem Rechner installieren und nach dem ersten Start f\u00fcr einen begrenzten Zeitraum (z. B. 21 Tage) uneingeschr\u00e4nkt f\u00fcr Test und Evaluierungszwecke, nicht jedoch f\u00fcr den produktiven Einsatz nutzen. S\u00e4mtliche Haftungsanspr\u00fcche sind ausgeschlossen. Ist die Trial License abgelaufen, kann die Software erst nach Aufspielen eines entsprechenden Single License Keys derselben Version wieder gestartet werden. Eine Neuinstallation der Software ist nicht notwendig.<\/p>\n<\/div>\t\t\t\t\t\t<\/div>\n\t\t\t\t<\/div>\n\t\t\t\t\t<\/div>\n\t\t<\/div>\n\t\t\t\t\t<\/div>\n\t\t<\/section>\n\t\t<div class=\"elementor-element elementor-element-f9dda77 e-con-full e-flex e-con e-parent\" data-id=\"f9dda77\" data-element_type=\"container\">\n\t\t\t\t<div class=\"elementor-element elementor-element-6ace743 elementor-widget elementor-widget-heading\" data-id=\"6ace743\" data-element_type=\"widget\" data-widget_type=\"heading.default\">\n\t\t\t\t<div class=\"elementor-widget-container\">\n\t\t\t<h2 class=\"elementor-heading-title elementor-size-default\">Single License<\/h2>\t\t<\/div>\n\t\t\t\t<\/div>\n\t\t\t\t<\/div>\n\t\t<div class=\"elementor-element elementor-element-aa66bb5 e-flex e-con-boxed e-con e-parent\" data-id=\"aa66bb5\" data-element_type=\"container\">\n\t\t\t\t\t<div class=\"e-con-inner\">\n\t\t\t\t<div class=\"elementor-element elementor-element-1c1bebf elementor-widget elementor-widget-text-editor\" data-id=\"1c1bebf\" data-element_type=\"widget\" data-widget_type=\"text-editor.default\">\n\t\t\t\t<div class=\"elementor-widget-container\">\n\t\t\t\t\t\t\t<p>Mit der Single License sind Sie zur unbegrenzten Installation und Nutzung von Softwareprodukten auf einem Rechner berechtigt.<br \/>Die Lizenz wird mit der Software lokal auf dem Rechner gespeichert und kann nicht auf andere Rechner \u00fcbertragen werden.<\/p><p>Die Single License ist die Standardlizenzform f\u00fcr das Factory Automation Studio.<br \/>Ein Rechner erf\u00fcllt in einer festen Konfiguration mithilfe eines Softwaremoduls permanent eine bestimmte Aufgabe und wird daf\u00fcr lizenziert.<\/p>\t\t\t\t\t\t<\/div>\n\t\t\t\t<\/div>\n\t\t\t\t\t<\/div>\n\t\t\t\t<\/div>\n\t\t<div class=\"elementor-element elementor-element-c124f54 e-con-full e-flex e-con e-parent\" data-id=\"c124f54\" data-element_type=\"container\">\n\t\t\t\t<div class=\"elementor-element elementor-element-60420bc elementor-widget elementor-widget-heading\" data-id=\"60420bc\" data-element_type=\"widget\" data-widget_type=\"heading.default\">\n\t\t\t\t<div class=\"elementor-widget-container\">\n\t\t\t<h2 class=\"elementor-heading-title elementor-size-default\">Bezug des Lizensschl\u00fcssels<\/h2>\t\t<\/div>\n\t\t\t\t<\/div>\n\t\t\t\t<\/div>\n\t\t<div class=\"elementor-element elementor-element-3a4c154 e-flex e-con-boxed e-con e-parent\" data-id=\"3a4c154\" data-element_type=\"container\">\n\t\t\t\t\t<div class=\"e-con-inner\">\n\t\t\t\t<div class=\"elementor-element elementor-element-ffa2b89 elementor-widget elementor-widget-text-editor\" data-id=\"ffa2b89\" data-element_type=\"widget\" data-widget_type=\"text-editor.default\">\n\t\t\t\t<div class=\"elementor-widget-container\">\n\t\t\t\t\t\t\t<p>Nach abgeschlossenem Bestellvorgang wird Ihnen in einer separaten Email der erworbene Lizensschl\u00fcssel zur Verf\u00fcgung gestellt.<\/p>\t\t\t\t\t\t<\/div>\n\t\t\t\t<\/div>\n\t\t\t\t\t<\/div>\n\t\t\t\t<\/div>\n\t\t<div class=\"elementor-element elementor-element-ce559c6 e-con-full e-flex e-con e-parent\" data-id=\"ce559c6\" data-element_type=\"container\">\n\t\t\t\t<div class=\"elementor-element elementor-element-de94b73 elementor-widget elementor-widget-heading\" data-id=\"de94b73\" data-element_type=\"widget\" data-widget_type=\"heading.default\">\n\t\t\t\t<div class=\"elementor-widget-container\">\n\t\t\t<h2 class=\"elementor-heading-title elementor-size-default\">Lizenzmanagment<\/h2>\t\t<\/div>\n\t\t\t\t<\/div>\n\t\t\t\t<\/div>\n\t\t<div class=\"elementor-element elementor-element-229c74a e-flex e-con-boxed e-con e-parent\" data-id=\"229c74a\" data-element_type=\"container\">\n\t\t\t\t\t<div class=\"e-con-inner\">\n\t\t\t\t<div class=\"elementor-element elementor-element-e13f20d elementor-widget elementor-widget-text-editor\" data-id=\"e13f20d\" data-element_type=\"widget\" data-widget_type=\"text-editor.default\">\n\t\t\t\t<div class=\"elementor-widget-container\">\n\t\t\t\t\t\t\t<p>Um die erworbene Lizenz zu aktivieren, geben Sie den Schl\u00fcssel in das entsprechende Feld der Eingabemaske im Factory Automation Studio ein. Diesen Vorgang k\u00f6nne Sie jederzeit wiederholen indem Sie auf das Schl\u00fcsselsymbol in der unteren rechten Ecke des Factory Automation Studios klicken.<\/p><p>\u00a0<\/p>\t\t\t\t\t\t<\/div>\n\t\t\t\t<\/div>\n\t\t\t\t\t<\/div>\n\t\t\t\t<\/div>\n\t\t<div class=\"elementor-element elementor-element-8f8a5d2 e-flex e-con-boxed e-con e-parent\" data-id=\"8f8a5d2\" data-element_type=\"container\">\n\t\t\t\t\t<div class=\"e-con-inner\">\n\t\t\t\t<div class=\"elementor-element elementor-element-ecdc01a elementor-widget elementor-widget-image\" data-id=\"ecdc01a\" data-element_type=\"widget\" data-widget_type=\"image.default\">\n\t\t\t\t<div class=\"elementor-widget-container\">\n\t\t\t\t\t\t\t\t\t\t\t\t\t<img fetchpriority=\"high\" decoding=\"async\" width=\"750\" height=\"402\" src=\"https:\/\/docs.fast.grollmus.de\/wp-content\/uploads\/2024\/11\/Screenshot-2024-11-05-101839-1024x549.png\" class=\"attachment-large size-large wp-image-1512\" alt=\"\" srcset=\"https:\/\/docs.fast.grollmus.de\/wp-content\/uploads\/2024\/11\/Screenshot-2024-11-05-101839-1024x549.png 1024w, https:\/\/docs.fast.grollmus.de\/wp-content\/uploads\/2024\/11\/Screenshot-2024-11-05-101839-300x161.png 300w, https:\/\/docs.fast.grollmus.de\/wp-content\/uploads\/2024\/11\/Screenshot-2024-11-05-101839-768x412.png 768w, https:\/\/docs.fast.grollmus.de\/wp-content\/uploads\/2024\/11\/Screenshot-2024-11-05-101839-1536x824.png 1536w, https:\/\/docs.fast.grollmus.de\/wp-content\/uploads\/2024\/11\/Screenshot-2024-11-05-101839-1568x841.png 1568w, https:\/\/docs.fast.grollmus.de\/wp-content\/uploads\/2024\/11\/Screenshot-2024-11-05-101839.png 1915w\" sizes=\"(max-width: 750px) 100vw, 750px\" style=\"width:100%;height:53.63%;max-width:1915px\" \/>\t\t\t\t\t\t\t\t\t\t\t\t\t<\/div>\n\t\t\t\t<\/div>\n\t\t\t\t\t<\/div>\n\t\t\t\t<\/div>\n\t\t<div class=\"elementor-element elementor-element-cce073a e-flex e-con-boxed e-con e-parent\" data-id=\"cce073a\" data-element_type=\"container\">\n\t\t\t\t\t<div class=\"e-con-inner\">\n\t\t\t\t<div class=\"elementor-element elementor-element-0c04176 elementor-widget elementor-widget-text-editor\" data-id=\"0c04176\" data-element_type=\"widget\" data-widget_type=\"text-editor.default\">\n\t\t\t\t<div class=\"elementor-widget-container\">\n\t\t\t\t\t\t\t<p><img decoding=\"async\" class=\"alignnone wp-image-516\" src=\"https:\/\/docs.fast.grollmus.de\/wp-content\/uploads\/2024\/09\/warnschild_vorsicht-300x300.png\" alt=\"\" width=\"54\" height=\"54\" srcset=\"https:\/\/docs.fast.grollmus.de\/wp-content\/uploads\/2024\/09\/warnschild_vorsicht-300x300.png 300w, https:\/\/docs.fast.grollmus.de\/wp-content\/uploads\/2024\/09\/warnschild_vorsicht-150x150.png 150w, https:\/\/docs.fast.grollmus.de\/wp-content\/uploads\/2024\/09\/warnschild_vorsicht.png 500w\" sizes=\"(max-width: 54px) 100vw, 54px\" \/>Zur initialen \u00dcberpr\u00fcfung und Freischaltung des Lizenzschl\u00fcssels mu\u00df eine Internetverbindung bestehen.<\/p><p>Ist die Lizensierung erfolgreich abgeschlossen, startet das Factory Automation Studio und Sie k\u00f6nnen mit dem Engineering beginnen.<\/p>\t\t\t\t\t\t<\/div>\n\t\t\t\t<\/div>\n\t\t\t\t\t<\/div>\n\t\t\t\t<\/div>\n\t\t<div class=\"elementor-element elementor-element-c17dfd8 e-flex e-con-boxed e-con e-parent\" data-id=\"c17dfd8\" data-element_type=\"container\">\n\t\t\t\t\t<div class=\"e-con-inner\">\n\t\t\t\t<div class=\"elementor-element elementor-element-dfbb6f4 elementor-widget elementor-widget-image\" data-id=\"dfbb6f4\" data-element_type=\"widget\" data-widget_type=\"image.default\">\n\t\t\t\t<div class=\"elementor-widget-container\">\n\t\t\t\t\t\t\t\t\t\t\t\t\t<img decoding=\"async\" width=\"750\" height=\"405\" src=\"https:\/\/docs.fast.grollmus.de\/wp-content\/uploads\/2024\/11\/Screenshot-2024-11-06-095904-1024x553.png\" class=\"attachment-large size-large wp-image-1513\" alt=\"\" srcset=\"https:\/\/docs.fast.grollmus.de\/wp-content\/uploads\/2024\/11\/Screenshot-2024-11-06-095904-1024x553.png 1024w, https:\/\/docs.fast.grollmus.de\/wp-content\/uploads\/2024\/11\/Screenshot-2024-11-06-095904-300x162.png 300w, https:\/\/docs.fast.grollmus.de\/wp-content\/uploads\/2024\/11\/Screenshot-2024-11-06-095904-768x414.png 768w, https:\/\/docs.fast.grollmus.de\/wp-content\/uploads\/2024\/11\/Screenshot-2024-11-06-095904-1536x829.png 1536w, https:\/\/docs.fast.grollmus.de\/wp-content\/uploads\/2024\/11\/Screenshot-2024-11-06-095904-1568x846.png 1568w, https:\/\/docs.fast.grollmus.de\/wp-content\/uploads\/2024\/11\/Screenshot-2024-11-06-095904.png 1918w\" sizes=\"(max-width: 750px) 100vw, 750px\" style=\"width:100%;height:53.96%;max-width:1918px\" \/>\t\t\t\t\t\t\t\t\t\t\t\t\t<\/div>\n\t\t\t\t<\/div>\n\t\t\t\t\t<\/div>\n\t\t\t\t<\/div>\n\t\t\t\t<\/div>\n\t\t","protected":false},"excerpt":{"rendered":"<p>Trial License Mit einer Trial License k\u00f6nnen Sie die entsprechende Software auf einem Rechner installieren und nach dem ersten Start f\u00fcr einen begrenzten Zeitraum (z. B. 21 Tage) uneingeschr\u00e4nkt f\u00fcr Test und Evaluierungszwecke, nicht jedoch f\u00fcr den produktiven Einsatz nutzen. S\u00e4mtliche Haftungsanspr\u00fcche sind ausgeschlossen. Ist die Trial License abgelaufen, kann die Software erst nach Aufspielen&hellip; <a class=\"more-link\" href=\"https:\/\/docs.fast.grollmus.de\/de\/dokumentation\/lizenzierung\/\"><span class=\"screen-reader-text\">Lizenzierung<\/span> weiterlesen<\/a><\/p>\n","protected":false},"author":1,"featured_media":0,"parent":5,"menu_order":0,"comment_status":"closed","ping_status":"closed","template":"","meta":{"footnotes":""},"class_list":["post-14","page","type-page","status-publish","hentry","entry"],"_links":{"self":[{"href":"https:\/\/docs.fast.grollmus.de\/de\/wp-json\/wp\/v2\/pages\/14","targetHints":{"allow":["GET"]}}],"collection":[{"href":"https:\/\/docs.fast.grollmus.de\/de\/wp-json\/wp\/v2\/pages"}],"about":[{"href":"https:\/\/docs.fast.grollmus.de\/de\/wp-json\/wp\/v2\/types\/page"}],"author":[{"embeddable":true,"href":"https:\/\/docs.fast.grollmus.de\/de\/wp-json\/wp\/v2\/users\/1"}],"replies":[{"embeddable":true,"href":"https:\/\/docs.fast.grollmus.de\/de\/wp-json\/wp\/v2\/comments?post=14"}],"version-history":[{"count":83,"href":"https:\/\/docs.fast.grollmus.de\/de\/wp-json\/wp\/v2\/pages\/14\/revisions"}],"predecessor-version":[{"id":1832,"href":"https:\/\/docs.fast.grollmus.de\/de\/wp-json\/wp\/v2\/pages\/14\/revisions\/1832"}],"up":[{"embeddable":true,"href":"https:\/\/docs.fast.grollmus.de\/de\/wp-json\/wp\/v2\/pages\/5"}],"wp:attachment":[{"href":"https:\/\/docs.fast.grollmus.de\/de\/wp-json\/wp\/v2\/media?parent=14"}],"curies":[{"name":"wp","href":"https:\/\/api.w.org\/{rel}","templated":true}]}}