{"id":10,"date":"2021-04-21T13:56:18","date_gmt":"2021-04-21T11:56:18","guid":{"rendered":"http:\/\/localhost\/?page_id=10"},"modified":"2024-12-09T11:36:28","modified_gmt":"2024-12-09T10:36:28","slug":"installation","status":"publish","type":"page","link":"https:\/\/docs.fast.grollmus.de\/de\/dokumentation\/installation\/","title":{"rendered":"Deinstallationsanleitung"},"content":{"rendered":"\t\t<div data-elementor-type=\"wp-page\" data-elementor-id=\"10\" class=\"elementor elementor-10\">\n\t\t\t\t<div class=\"elementor-element elementor-element-eb6cab9 e-flex e-con-boxed e-con e-parent\" data-id=\"eb6cab9\" data-element_type=\"container\">\n\t\t\t\t\t<div class=\"e-con-inner\">\n\t\t\t\t<div class=\"elementor-element elementor-element-044c52b elementor-widget elementor-widget-heading\" data-id=\"044c52b\" data-element_type=\"widget\" data-widget_type=\"heading.default\">\n\t\t\t\t<div class=\"elementor-widget-container\">\n\t\t\t<h2 class=\"elementor-heading-title elementor-size-default\">Einf\u00fchrung<\/h2>\t\t<\/div>\n\t\t\t\t<\/div>\n\t\t\t\t\t<\/div>\n\t\t\t\t<\/div>\n\t\t<div class=\"elementor-element elementor-element-8c38e99 e-flex e-con-boxed e-con e-parent\" data-id=\"8c38e99\" data-element_type=\"container\">\n\t\t\t\t\t<div class=\"e-con-inner\">\n\t\t\t\t<div class=\"elementor-element elementor-element-0e98293 elementor-widget elementor-widget-text-editor\" data-id=\"0e98293\" data-element_type=\"widget\" data-widget_type=\"text-editor.default\">\n\t\t\t\t<div class=\"elementor-widget-container\">\n\t\t\t\t\t\t\t<p>Die Deinstallation des Softwarepaketes wird durch ein Setup-Programm automatisch durchf\u00fchrt. Die Installation des TIA Portals wird dadurch nicht ge\u00e4ndert.<\/p>\t\t\t\t\t\t<\/div>\n\t\t\t\t<\/div>\n\t\t\t\t\t<\/div>\n\t\t\t\t<\/div>\n\t\t<div class=\"elementor-element elementor-element-18806e4 e-flex e-con-boxed e-con e-parent\" data-id=\"18806e4\" data-element_type=\"container\">\n\t\t\t\t\t<div class=\"e-con-inner\">\n\t\t\t\t<div class=\"elementor-element elementor-element-f965120 elementor-widget elementor-widget-heading\" data-id=\"f965120\" data-element_type=\"widget\" data-widget_type=\"heading.default\">\n\t\t\t\t<div class=\"elementor-widget-container\">\n\t\t\t<h2 class=\"elementor-heading-title elementor-size-default\">Voraussetzung<\/h2>\t\t<\/div>\n\t\t\t\t<\/div>\n\t\t\t\t\t<\/div>\n\t\t\t\t<\/div>\n\t\t<div class=\"elementor-element elementor-element-424c0a0 e-flex e-con-boxed e-con e-parent\" data-id=\"424c0a0\" data-element_type=\"container\">\n\t\t\t\t\t<div class=\"e-con-inner\">\n\t\t\t\t<div class=\"elementor-element elementor-element-64eaa27 elementor-widget elementor-widget-text-editor\" data-id=\"64eaa27\" data-element_type=\"widget\" data-widget_type=\"text-editor.default\">\n\t\t\t\t<div class=\"elementor-widget-container\">\n\t\t\t\t\t\t\t<ul><li>Hardware und Software des PG\/PC entsprechen den Systemanforderungen.<\/li><li>Sie haben Administrationsrechte auf Ihrem Computer.<\/li><li>Alle laufenden Programme sind beendet.<\/li><li>Das Factory Automation Studio ist installiert.<\/li><\/ul>\t\t\t\t\t\t<\/div>\n\t\t\t\t<\/div>\n\t\t\t\t\t<\/div>\n\t\t\t\t<\/div>\n\t\t<div class=\"elementor-element elementor-element-c9cbbd1 e-flex e-con-boxed e-con e-parent\" data-id=\"c9cbbd1\" data-element_type=\"container\">\n\t\t\t\t\t<div class=\"e-con-inner\">\n\t\t\t\t<div class=\"elementor-element elementor-element-d93c94b elementor-widget elementor-widget-heading\" data-id=\"d93c94b\" data-element_type=\"widget\" data-widget_type=\"heading.default\">\n\t\t\t\t<div class=\"elementor-widget-container\">\n\t\t\t<h2 class=\"elementor-heading-title elementor-size-default\">Deinstallation:<\/h2>\t\t<\/div>\n\t\t\t\t<\/div>\n\t\t\t\t\t<\/div>\n\t\t\t\t<\/div>\n\t\t<div class=\"elementor-element elementor-element-50c5356 e-flex e-con-boxed e-con e-parent\" data-id=\"50c5356\" data-element_type=\"container\">\n\t\t\t\t\t<div class=\"e-con-inner\">\n\t\t\t\t<div class=\"elementor-element elementor-element-9c4781d elementor-widget elementor-widget-text-editor\" data-id=\"9c4781d\" data-element_type=\"widget\" data-widget_type=\"text-editor.default\">\n\t\t\t\t<div class=\"elementor-widget-container\">\n\t\t\t\t\t\t\t<p>Die Vorgehensweise wird am Beispiel erkl\u00e4rt mit dem Betriebssystem Windows 10 Pro 22H2:<\/p><ul><li>\u00d6ffnen Sie Windows &#8211;&gt; Einstellungen &#8211;&gt; Apps. W\u00e4hlen Sie die Software &#8222;Factory Automation Studio&#8220; aus und klicken Sie auf &#8222;Deinstallieren&#8220;.<\/li><\/ul><p><img fetchpriority=\"high\" decoding=\"async\" class=\"alignnone wp-image-559 size-full\" src=\"https:\/\/docs.fast.grollmus.de\/wp-content\/uploads\/2024\/09\/Screenshot-2024-09-24-121452.png\" alt=\"\" width=\"890\" height=\"903\" srcset=\"https:\/\/docs.fast.grollmus.de\/wp-content\/uploads\/2024\/09\/Screenshot-2024-09-24-121452.png 890w, https:\/\/docs.fast.grollmus.de\/wp-content\/uploads\/2024\/09\/Screenshot-2024-09-24-121452-296x300.png 296w, https:\/\/docs.fast.grollmus.de\/wp-content\/uploads\/2024\/09\/Screenshot-2024-09-24-121452-768x779.png 768w\" sizes=\"(max-width: 890px) 100vw, 890px\" \/><\/p><p>2. Es \u00f6ffnet sich ein Pop-Up Fenster. Klicken Sie auf Deinstallieren.<\/p><p><img decoding=\"async\" class=\"alignnone wp-image-560 size-full\" src=\"https:\/\/docs.fast.grollmus.de\/wp-content\/uploads\/2024\/09\/Screenshot-2024-09-24-121556.png\" alt=\"\" width=\"908\" height=\"994\" srcset=\"https:\/\/docs.fast.grollmus.de\/wp-content\/uploads\/2024\/09\/Screenshot-2024-09-24-121556.png 908w, https:\/\/docs.fast.grollmus.de\/wp-content\/uploads\/2024\/09\/Screenshot-2024-09-24-121556-274x300.png 274w, https:\/\/docs.fast.grollmus.de\/wp-content\/uploads\/2024\/09\/Screenshot-2024-09-24-121556-768x841.png 768w\" sizes=\"(max-width: 908px) 100vw, 908px\" \/><\/p>\t\t\t\t\t\t<\/div>\n\t\t\t\t<\/div>\n\t\t\t\t\t<\/div>\n\t\t\t\t<\/div>\n\t\t\t\t<\/div>\n\t\t","protected":false},"excerpt":{"rendered":"<p>Einf\u00fchrung Die Deinstallation des Softwarepaketes wird durch ein Setup-Programm automatisch durchf\u00fchrt. Die Installation des TIA Portals wird dadurch nicht ge\u00e4ndert. Voraussetzung Hardware und Software des PG\/PC entsprechen den Systemanforderungen. Sie haben Administrationsrechte auf Ihrem Computer. Alle laufenden Programme sind beendet. Das Factory Automation Studio ist installiert. Deinstallation: Die Vorgehensweise wird am Beispiel erkl\u00e4rt mit dem&hellip; <a class=\"more-link\" href=\"https:\/\/docs.fast.grollmus.de\/de\/dokumentation\/installation\/\"><span class=\"screen-reader-text\">Deinstallationsanleitung<\/span> weiterlesen<\/a><\/p>\n","protected":false},"author":1,"featured_media":0,"parent":5,"menu_order":0,"comment_status":"closed","ping_status":"closed","template":"","meta":{"footnotes":""},"class_list":["post-10","page","type-page","status-publish","hentry","entry"],"_links":{"self":[{"href":"https:\/\/docs.fast.grollmus.de\/de\/wp-json\/wp\/v2\/pages\/10","targetHints":{"allow":["GET"]}}],"collection":[{"href":"https:\/\/docs.fast.grollmus.de\/de\/wp-json\/wp\/v2\/pages"}],"about":[{"href":"https:\/\/docs.fast.grollmus.de\/de\/wp-json\/wp\/v2\/types\/page"}],"author":[{"embeddable":true,"href":"https:\/\/docs.fast.grollmus.de\/de\/wp-json\/wp\/v2\/users\/1"}],"replies":[{"embeddable":true,"href":"https:\/\/docs.fast.grollmus.de\/de\/wp-json\/wp\/v2\/comments?post=10"}],"version-history":[{"count":21,"href":"https:\/\/docs.fast.grollmus.de\/de\/wp-json\/wp\/v2\/pages\/10\/revisions"}],"predecessor-version":[{"id":1781,"href":"https:\/\/docs.fast.grollmus.de\/de\/wp-json\/wp\/v2\/pages\/10\/revisions\/1781"}],"up":[{"embeddable":true,"href":"https:\/\/docs.fast.grollmus.de\/de\/wp-json\/wp\/v2\/pages\/5"}],"wp:attachment":[{"href":"https:\/\/docs.fast.grollmus.de\/de\/wp-json\/wp\/v2\/media?parent=10"}],"curies":[{"name":"wp","href":"https:\/\/api.w.org\/{rel}","templated":true}]}}